{"id":52833,"date":"2025-01-12T09:25:09","date_gmt":"2025-01-12T09:25:09","guid":{"rendered":"https:\/\/murter.riot.hr\/?post_type=product&#038;p=52833"},"modified":"2025-05-01T12:24:03","modified_gmt":"2025-05-01T11:24:03","slug":"apartman-murter-bay-goranka-41-id-02","status":"publish","type":"product","link":"https:\/\/murter-online.com\/hr\/proizvod\/apartman-murter-bay-goranka-41-id-02\/","title":{"rendered":"Obiteljski apartman Jelena Murter 4+1 ID 02"},"content":{"rendered":"","protected":false},"excerpt":{"rendered":"<div align=\"center\">\n<div class=\"max_width\" align=\"left\">\n<div>\n<div>Raspored prostorija: Broj spava\u0107ih soba sa bra\u010dnim krevetom: 2, Broj kupaonica s tu\u0161em i WC-om: 1, Povr\u0161ina terase: 12m2 Jedinice opreme: Klima,Sat TV,Nema perilice rublja, Hladnjak, Kuhinja, TV, Grijanje, Aparat za kavu, Mikrovalna pe\u0107nica, Perilica su\u0111a, Internet, Ro\u0161tilj, Polo\u017eaj i vanjske jedinice: Pogled na mirnu ulicu, zajedni\u010dki ulaz, 1. kat, Dodatne informacije: Prijava od: 14 sati, odjava do: 10 sati, Ku\u0107ni ljubimci nisu dozvoljeni, nije dozvoljeno pu\u0161enje, Cijena uklju\u010duje: Tjedna promjena posteljine,ru\u010dnika,pribor za kuhanje i jelo,Potro\u0161nja struje,vode i plina,sredstva za \u010di\u0161\u0107enje,WC papir (po dolasku),zavr\u0161no \u010di\u0161\u0107enje<\/div>\n<\/div>\n<\/div>\n<\/div>\n<div align=\"center\">\n<div><\/div>\n<div><\/div>\n<\/div>\n","protected":false},"featured_media":45957,"template":"","meta":{"_acf_changed":false},"product_brand":[],"product_cat":[129,135],"product_tag":[],"class_list":{"0":"post-52833","1":"product","2":"type-product","3":"status-publish","4":"has-post-thumbnail","6":"product_cat-apartmani","7":"product_cat-obiteljski-apartmani","9":"first","10":"instock","11":"sold-individually","12":"shipping-taxable","13":"purchasable","14":"product-type-phive_booking"},"acf":[],"_links":{"self":[{"href":"https:\/\/murter-online.com\/hr\/wp-json\/wp\/v2\/product\/52833","targetHints":{"allow":["GET"]}}],"collection":[{"href":"https:\/\/murter-online.com\/hr\/wp-json\/wp\/v2\/product"}],"about":[{"href":"https:\/\/murter-online.com\/hr\/wp-json\/wp\/v2\/types\/product"}],"wp:featuredmedia":[{"embeddable":true,"href":"https:\/\/murter-online.com\/hr\/wp-json\/wp\/v2\/media\/45957"}],"wp:attachment":[{"href":"https:\/\/murter-online.com\/hr\/wp-json\/wp\/v2\/media?parent=52833"}],"wp:term":[{"taxonomy":"product_brand","embeddable":true,"href":"https:\/\/murter-online.com\/hr\/wp-json\/wp\/v2\/product_brand?post=52833"},{"taxonomy":"product_cat","embeddable":true,"href":"https:\/\/murter-online.com\/hr\/wp-json\/wp\/v2\/product_cat?post=52833"},{"taxonomy":"product_tag","embeddable":true,"href":"https:\/\/murter-online.com\/hr\/wp-json\/wp\/v2\/product_tag?post=52833"}],"curies":[{"name":"wp","href":"https:\/\/api.w.org\/{rel}","templated":true}]}}