{"id":52859,"date":"2025-01-12T09:39:12","date_gmt":"2025-01-12T09:39:12","guid":{"rendered":"https:\/\/murter.riot.hr\/?post_type=product&#038;p=52859"},"modified":"2025-04-16T19:38:06","modified_gmt":"2025-04-16T18:38:06","slug":"apartman-murter-center-way-a41-id-65","status":"publish","type":"product","link":"https:\/\/murter-online.com\/hr\/proizvod\/apartman-murter-center-way-a41-id-65\/","title":{"rendered":"Apartman Murter Centar A4+1 ID 65"},"content":{"rendered":"","protected":false},"excerpt":{"rendered":"<p>Apartman Sea Pearl A4 + 1 ID 65 nalazi se u blizini centra Murtera. Apartman ima balkon s kojeg mo\u017eete u\u017eivati u pogledu. Standardna oprema apartmana uklju\u010duje kau\u010d na razvla\u010denje, TV sa satelitskim programima i potpuno opremljenu kuhinju. U svakom je apartmanu dostupan besplatni be\u017ei\u010dni pristup internetu. Ru\u010dnici, posteljina i zavr\u0161no \u010di\u0161\u0107enje uklju\u010deni su u cijenu.<\/p>\n","protected":false},"featured_media":46409,"template":"","meta":{"_acf_changed":false},"product_brand":[],"product_cat":[129,133,135],"product_tag":[],"class_list":{"0":"post-52859","1":"product","2":"type-product","3":"status-publish","4":"has-post-thumbnail","6":"product_cat-apartmani","7":"product_cat-apartmani-s-pogledom-na-more","8":"product_cat-obiteljski-apartmani","10":"first","11":"instock","12":"sold-individually","13":"shipping-taxable","14":"purchasable","15":"product-type-phive_booking"},"acf":[],"_links":{"self":[{"href":"https:\/\/murter-online.com\/hr\/wp-json\/wp\/v2\/product\/52859","targetHints":{"allow":["GET"]}}],"collection":[{"href":"https:\/\/murter-online.com\/hr\/wp-json\/wp\/v2\/product"}],"about":[{"href":"https:\/\/murter-online.com\/hr\/wp-json\/wp\/v2\/types\/product"}],"wp:featuredmedia":[{"embeddable":true,"href":"https:\/\/murter-online.com\/hr\/wp-json\/wp\/v2\/media\/46409"}],"wp:attachment":[{"href":"https:\/\/murter-online.com\/hr\/wp-json\/wp\/v2\/media?parent=52859"}],"wp:term":[{"taxonomy":"product_brand","embeddable":true,"href":"https:\/\/murter-online.com\/hr\/wp-json\/wp\/v2\/product_brand?post=52859"},{"taxonomy":"product_cat","embeddable":true,"href":"https:\/\/murter-online.com\/hr\/wp-json\/wp\/v2\/product_cat?post=52859"},{"taxonomy":"product_tag","embeddable":true,"href":"https:\/\/murter-online.com\/hr\/wp-json\/wp\/v2\/product_tag?post=52859"}],"curies":[{"name":"wp","href":"https:\/\/api.w.org\/{rel}","templated":true}]}}