{"id":52880,"date":"2025-01-11T11:58:05","date_gmt":"2025-01-11T11:58:05","guid":{"rendered":"https:\/\/murter.riot.hr\/?post_type=product&#038;p=52880"},"modified":"2025-04-26T11:04:11","modified_gmt":"2025-04-26T10:04:11","slug":"apartman-murter-family-suit-a41-id-205","status":"publish","type":"product","link":"https:\/\/murter-online.com\/hr\/proizvod\/apartman-murter-family-suit-a41-id-205\/","title":{"rendered":"Obiteljski apartman Bina Murter A4+1 ID 205"},"content":{"rendered":"","protected":false},"excerpt":{"rendered":"<p>Povoljan obiteljski apartman u Murteru na izvrsnoj lokaciji! Samo 350 metara od pje\u0161\u010dane pla\u017ea Slanica i 250 metara od lokalne pla\u017ee Luke. Apartman se nalazi na mirnoj i tihoj lokaciji, ima dvije eta\u017ee, dvije spava\u0107e sobe u kojima mogu spavati 4 odrasle osobe, kuhinju i dnevni boravak u kojem se nalazi pomo\u0107ni le\u017eaj koji se mo\u017ee koristiti za spavanje. Apartman ima zaseban ulaz i lijepu terasu u prirodnom hladu. Parking za goste apartmana osiguran je besplatno u dvori\u0161tu ku\u0107e. Postoji vanjski ro\u0161tilj koji se mo\u017ee koristiti. Cijena vrijedi za 4 osobe, dodatna osoba u apartmanu napla\u0107uje se 10 eura\/osoba\/dan. Ku\u0107ni ljubimci po dogovoru.<\/p>\n","protected":false},"featured_media":44881,"template":"","meta":{"_acf_changed":false},"product_brand":[],"product_cat":[129,135],"product_tag":[],"class_list":{"0":"post-52880","1":"product","2":"type-product","3":"status-publish","4":"has-post-thumbnail","6":"product_cat-apartmani","7":"product_cat-obiteljski-apartmani","9":"first","10":"instock","11":"sold-individually","12":"shipping-taxable","13":"purchasable","14":"product-type-phive_booking"},"acf":[],"_links":{"self":[{"href":"https:\/\/murter-online.com\/hr\/wp-json\/wp\/v2\/product\/52880","targetHints":{"allow":["GET"]}}],"collection":[{"href":"https:\/\/murter-online.com\/hr\/wp-json\/wp\/v2\/product"}],"about":[{"href":"https:\/\/murter-online.com\/hr\/wp-json\/wp\/v2\/types\/product"}],"wp:featuredmedia":[{"embeddable":true,"href":"https:\/\/murter-online.com\/hr\/wp-json\/wp\/v2\/media\/44881"}],"wp:attachment":[{"href":"https:\/\/murter-online.com\/hr\/wp-json\/wp\/v2\/media?parent=52880"}],"wp:term":[{"taxonomy":"product_brand","embeddable":true,"href":"https:\/\/murter-online.com\/hr\/wp-json\/wp\/v2\/product_brand?post=52880"},{"taxonomy":"product_cat","embeddable":true,"href":"https:\/\/murter-online.com\/hr\/wp-json\/wp\/v2\/product_cat?post=52880"},{"taxonomy":"product_tag","embeddable":true,"href":"https:\/\/murter-online.com\/hr\/wp-json\/wp\/v2\/product_tag?post=52880"}],"curies":[{"name":"wp","href":"https:\/\/api.w.org\/{rel}","templated":true}]}}