{"id":52884,"date":"2025-01-12T10:21:13","date_gmt":"2025-01-12T10:21:13","guid":{"rendered":"https:\/\/murter.riot.hr\/?post_type=product&#038;p=52884"},"modified":"2025-04-14T09:52:07","modified_gmt":"2025-04-14T08:52:07","slug":"apartman-murter-jersani-a41-id-202","status":"publish","type":"product","link":"https:\/\/murter-online.com\/hr\/proizvod\/apartman-murter-jersani-a41-id-202\/","title":{"rendered":"Apartman sa vezom za brod Jersani Murter A4+1 ID 202"},"content":{"rendered":"","protected":false},"excerpt":{"rendered":"<p>Apartman u Murteru na odli\u010dnoj lokaciji, samo 100 metara od mora! Novoure\u0111eni apartman za max.5 osoba na dvije eta\u017ee. Ima dvije spava\u0107e sobe u kojima mogu spavati 4 odrasle osobe, ima dnevni boravak koji se mo\u017ee koristiti za spavanje. Apartman se nalazi u blizini pla\u017ee Podvr\u0161ke i lokalne pla\u017ee Luke.Apartman ima prekrasnu terasu sa pogledom na more i murterski zaljev. Apartman ima vez za brod koji se dodatno napla\u0107uje. Boravak u apartmanu uklju\u010duje besplatan parking za auto u dvori\u0161tu ispred ku\u0107e.Ku\u0107ni ljubimci nisu dozvoljeni.<\/p>\n","protected":false},"featured_media":46581,"template":"","meta":{"_acf_changed":false},"product_brand":[],"product_cat":[129,133,136,135],"product_tag":[],"class_list":{"0":"post-52884","1":"product","2":"type-product","3":"status-publish","4":"has-post-thumbnail","6":"product_cat-apartmani","7":"product_cat-apartmani-s-pogledom-na-more","8":"product_cat-apartmani-s-vezom-za-brod","9":"product_cat-obiteljski-apartmani","11":"first","12":"instock","13":"sold-individually","14":"shipping-taxable","15":"purchasable","16":"product-type-phive_booking"},"acf":[],"_links":{"self":[{"href":"https:\/\/murter-online.com\/hr\/wp-json\/wp\/v2\/product\/52884","targetHints":{"allow":["GET"]}}],"collection":[{"href":"https:\/\/murter-online.com\/hr\/wp-json\/wp\/v2\/product"}],"about":[{"href":"https:\/\/murter-online.com\/hr\/wp-json\/wp\/v2\/types\/product"}],"wp:featuredmedia":[{"embeddable":true,"href":"https:\/\/murter-online.com\/hr\/wp-json\/wp\/v2\/media\/46581"}],"wp:attachment":[{"href":"https:\/\/murter-online.com\/hr\/wp-json\/wp\/v2\/media?parent=52884"}],"wp:term":[{"taxonomy":"product_brand","embeddable":true,"href":"https:\/\/murter-online.com\/hr\/wp-json\/wp\/v2\/product_brand?post=52884"},{"taxonomy":"product_cat","embeddable":true,"href":"https:\/\/murter-online.com\/hr\/wp-json\/wp\/v2\/product_cat?post=52884"},{"taxonomy":"product_tag","embeddable":true,"href":"https:\/\/murter-online.com\/hr\/wp-json\/wp\/v2\/product_tag?post=52884"}],"curies":[{"name":"wp","href":"https:\/\/api.w.org\/{rel}","templated":true}]}}