{"id":52889,"date":"2025-01-12T10:24:36","date_gmt":"2025-01-12T10:24:36","guid":{"rendered":"https:\/\/murter.riot.hr\/?post_type=product&#038;p=52889"},"modified":"2025-01-30T08:50:53","modified_gmt":"2025-01-30T08:50:53","slug":"apartman-murter-plaza-luke-a4-id-207","status":"publish","type":"product","link":"https:\/\/murter-online.com\/hr\/proizvod\/apartman-murter-plaza-luke-a4-id-207\/","title":{"rendered":"Apartman Murter Pla\u017ea Luke A4 id 207"},"content":{"rendered":"","protected":false},"excerpt":{"rendered":"<p>Apartman u Murteru na odli\u010dnoj lokaciji , samo 70 metara udaljen od gradske pla\u017ee Luke, od prve trgovine i dje\u010djeg igrali\u0161ta! Apartman se nalazi u prizemlju i ima dvije terase. Apartman ima dvije spava\u0107e sobe i jednu kupaonicu. Kuhinja je potpuno opremljena. Besplatan parking za goste udaljen je 70 metara od apartmana.<\/p>\n","protected":false},"featured_media":46729,"template":"","meta":{"_acf_changed":false},"product_brand":[],"product_cat":[129,135],"product_tag":[],"class_list":{"0":"post-52889","1":"product","2":"type-product","3":"status-publish","4":"has-post-thumbnail","6":"product_cat-apartmani","7":"product_cat-obiteljski-apartmani","9":"first","10":"instock","11":"sold-individually","12":"shipping-taxable","13":"purchasable","14":"product-type-phive_booking"},"acf":[],"_links":{"self":[{"href":"https:\/\/murter-online.com\/hr\/wp-json\/wp\/v2\/product\/52889","targetHints":{"allow":["GET"]}}],"collection":[{"href":"https:\/\/murter-online.com\/hr\/wp-json\/wp\/v2\/product"}],"about":[{"href":"https:\/\/murter-online.com\/hr\/wp-json\/wp\/v2\/types\/product"}],"wp:featuredmedia":[{"embeddable":true,"href":"https:\/\/murter-online.com\/hr\/wp-json\/wp\/v2\/media\/46729"}],"wp:attachment":[{"href":"https:\/\/murter-online.com\/hr\/wp-json\/wp\/v2\/media?parent=52889"}],"wp:term":[{"taxonomy":"product_brand","embeddable":true,"href":"https:\/\/murter-online.com\/hr\/wp-json\/wp\/v2\/product_brand?post=52889"},{"taxonomy":"product_cat","embeddable":true,"href":"https:\/\/murter-online.com\/hr\/wp-json\/wp\/v2\/product_cat?post=52889"},{"taxonomy":"product_tag","embeddable":true,"href":"https:\/\/murter-online.com\/hr\/wp-json\/wp\/v2\/product_tag?post=52889"}],"curies":[{"name":"wp","href":"https:\/\/api.w.org\/{rel}","templated":true}]}}