{"id":52893,"date":"2025-01-12T10:31:23","date_gmt":"2025-01-12T10:31:23","guid":{"rendered":"https:\/\/murter.riot.hr\/?post_type=product&#038;p=52893"},"modified":"2025-05-01T19:01:25","modified_gmt":"2025-05-01T18:01:25","slug":"apartman-murter-plaza-luke-a4-id-269","status":"publish","type":"product","link":"https:\/\/murter-online.com\/hr\/proizvod\/apartman-murter-plaza-luke-a4-id-269\/","title":{"rendered":"Apartman za 4 osobe na pla\u017ei Luke Murter A4 ID 269"},"content":{"rendered":"","protected":false},"excerpt":{"rendered":"<div align=\"center\">\n<div class=\"max_width\" align=\"left\">\n<div>\n<div>Apartman za 4 osobe smje\u0161ten je na odli\u010dnoj poziciji. Smje\u0161ten je jako blizu lokalne pla\u017ee Luke na kojoj se nalazi trgovina, kafi\u0107, dje\u010dje igrali\u0161te. Apartman ima dvije et\u017eae, na prvoj eta\u017ei nalazi se kuhinja sa dnevnim boravkom, balkon i kupaona. Na drugoj eta\u017ei nalaze se dvije spava\u0107e sobe sa bra\u010dnim krevetom, svaka soba ima balkon. Izme\u0111u soba nalazi se jedan wc. Balkon iz jedne spava\u0107e sobe ima pogled na more. Kuhinja je potpuno opremljena, umjesto pe\u0107nice apartman ima elektri\u010dni peka\u010d. Apartman ima klimu, Wi-Fi internet. Apartman ima besplatan parking za automobil.<\/div>\n<\/div>\n<\/div>\n<\/div>\n<div align=\"center\">\n<div><\/div>\n<div><\/div>\n<\/div>\n","protected":false},"featured_media":46809,"template":"","meta":{"_acf_changed":false},"product_brand":[],"product_cat":[129,133,135],"product_tag":[],"class_list":{"0":"post-52893","1":"product","2":"type-product","3":"status-publish","4":"has-post-thumbnail","6":"product_cat-apartmani","7":"product_cat-apartmani-s-pogledom-na-more","8":"product_cat-obiteljski-apartmani","10":"first","11":"instock","12":"sold-individually","13":"shipping-taxable","14":"purchasable","15":"product-type-phive_booking"},"acf":[],"_links":{"self":[{"href":"https:\/\/murter-online.com\/hr\/wp-json\/wp\/v2\/product\/52893","targetHints":{"allow":["GET"]}}],"collection":[{"href":"https:\/\/murter-online.com\/hr\/wp-json\/wp\/v2\/product"}],"about":[{"href":"https:\/\/murter-online.com\/hr\/wp-json\/wp\/v2\/types\/product"}],"wp:featuredmedia":[{"embeddable":true,"href":"https:\/\/murter-online.com\/hr\/wp-json\/wp\/v2\/media\/46809"}],"wp:attachment":[{"href":"https:\/\/murter-online.com\/hr\/wp-json\/wp\/v2\/media?parent=52893"}],"wp:term":[{"taxonomy":"product_brand","embeddable":true,"href":"https:\/\/murter-online.com\/hr\/wp-json\/wp\/v2\/product_brand?post=52893"},{"taxonomy":"product_cat","embeddable":true,"href":"https:\/\/murter-online.com\/hr\/wp-json\/wp\/v2\/product_cat?post=52893"},{"taxonomy":"product_tag","embeddable":true,"href":"https:\/\/murter-online.com\/hr\/wp-json\/wp\/v2\/product_tag?post=52893"}],"curies":[{"name":"wp","href":"https:\/\/api.w.org\/{rel}","templated":true}]}}