{"id":52898,"date":"2025-01-12T10:36:21","date_gmt":"2025-01-12T10:36:21","guid":{"rendered":"https:\/\/murter.riot.hr\/?post_type=product&#038;p=52898"},"modified":"2025-04-19T19:29:30","modified_gmt":"2025-04-19T18:29:30","slug":"apartman-murter-new-sa-vezom-za-brod-a4-id-262","status":"publish","type":"product","link":"https:\/\/murter-online.com\/hr\/proizvod\/apartman-murter-new-sa-vezom-za-brod-a4-id-262\/","title":{"rendered":"Apartman s vezom za brod New Murter A4 ID 262"},"content":{"rendered":"","protected":false},"excerpt":{"rendered":"<div align=\"center\">\n<div class=\"max_width\" align=\"left\">\n<div>\n<div>Novoure\u0111en apartman na odli\u010dnoj lokaciji u Murteru!\u00a8 Apartman ima dvije spava\u0107e sobe u kojima mogu spavati 4 odrasle osobe. Kuhinja je potpuno opremljena. Apartman se nalazi blizu mora i ima mogu\u0107nost veza za brod koji se dodatno napla\u0107uje. Apartman je opremljen TV-om, klimom, Wi &#8211; Fi Internetom, perilicom posu\u0111a. Ispod apartmana u gara\u017ei nalazi se perilica rublja koja se mo\u017ee besplatno koristiti. Na parkingu ispred apartmana je poseban objekt sa ro\u0161tiljem koji se mo\u017ee besplatno koristiti. Parking se nalazi ispred apartmana.<\/div>\n<\/div>\n<\/div>\n<\/div>\n<div align=\"center\">\n<div><\/div>\n<div><\/div>\n<\/div>\n","protected":false},"featured_media":46981,"template":"","meta":{"_acf_changed":false},"product_brand":[],"product_cat":[129,136,135],"product_tag":[],"class_list":{"0":"post-52898","1":"product","2":"type-product","3":"status-publish","4":"has-post-thumbnail","6":"product_cat-apartmani","7":"product_cat-apartmani-s-vezom-za-brod","8":"product_cat-obiteljski-apartmani","10":"first","11":"instock","12":"sold-individually","13":"shipping-taxable","14":"purchasable","15":"product-type-phive_booking"},"acf":[],"_links":{"self":[{"href":"https:\/\/murter-online.com\/hr\/wp-json\/wp\/v2\/product\/52898","targetHints":{"allow":["GET"]}}],"collection":[{"href":"https:\/\/murter-online.com\/hr\/wp-json\/wp\/v2\/product"}],"about":[{"href":"https:\/\/murter-online.com\/hr\/wp-json\/wp\/v2\/types\/product"}],"wp:featuredmedia":[{"embeddable":true,"href":"https:\/\/murter-online.com\/hr\/wp-json\/wp\/v2\/media\/46981"}],"wp:attachment":[{"href":"https:\/\/murter-online.com\/hr\/wp-json\/wp\/v2\/media?parent=52898"}],"wp:term":[{"taxonomy":"product_brand","embeddable":true,"href":"https:\/\/murter-online.com\/hr\/wp-json\/wp\/v2\/product_brand?post=52898"},{"taxonomy":"product_cat","embeddable":true,"href":"https:\/\/murter-online.com\/hr\/wp-json\/wp\/v2\/product_cat?post=52898"},{"taxonomy":"product_tag","embeddable":true,"href":"https:\/\/murter-online.com\/hr\/wp-json\/wp\/v2\/product_tag?post=52898"}],"curies":[{"name":"wp","href":"https:\/\/api.w.org\/{rel}","templated":true}]}}