{"id":52909,"date":"2025-01-12T10:45:50","date_gmt":"2025-01-12T10:45:50","guid":{"rendered":"https:\/\/murter.riot.hr\/?post_type=product&#038;p=52909"},"modified":"2025-04-14T10:43:16","modified_gmt":"2025-04-14T09:43:16","slug":"apartman-murter-podraduc-sunset-a21-id-37","status":"publish","type":"product","link":"https:\/\/murter-online.com\/hr\/proizvod\/apartman-murter-podraduc-sunset-a21-id-37\/","title":{"rendered":"Apartman sa pogledom na more Podradu\u010d Sunset Murter A2+1 ID 37"},"content":{"rendered":"","protected":false},"excerpt":{"rendered":"<div align=\"center\">\n<div class=\"max_width\" align=\"left\">\n<div>\n<div>Prekrasan, novoure\u0111en apartman sa jednom spava\u0107om sobom na odli\u010dnoj lokaciji u Murteru. Apartman se nalazi u ulici Podradu\u010d , od mora je udaljen 80 metara a od pje\u0161\u010dane pla\u017ee Slanica 150 metara. Apartman se nalazi na katu i ima 1 spava\u0107u sobu u kojoj mogu spavati 2 odrasle osobe. U dnevnom boravku nalazi se pomo\u0107ni le\u017eaj koji se mo\u017ee koristiti za spavanje . Apartman ima klimu, free Wi Fi, fri\u017eider, \u0161tednjak i kuhalo za vodu. Kuhinja je potpuno opremljena. Sa terase se pru\u017ea prekrasan pogled na more i Kornate.Gosti apartmana imaju besplatan parking. Na terasi postoji ro\u0161tilj koji se mo\u017ee besplatno koristiti.<\/div>\n<\/div>\n<\/div>\n<\/div>\n<div align=\"center\">\n<div><\/div>\n<div><\/div>\n<\/div>\n","protected":false},"featured_media":47225,"template":"","meta":{"_acf_changed":false},"product_brand":[],"product_cat":[129,133,135],"product_tag":[],"class_list":{"0":"post-52909","1":"product","2":"type-product","3":"status-publish","4":"has-post-thumbnail","6":"product_cat-apartmani","7":"product_cat-apartmani-s-pogledom-na-more","8":"product_cat-obiteljski-apartmani","10":"first","11":"instock","12":"sold-individually","13":"shipping-taxable","14":"purchasable","15":"product-type-phive_booking"},"acf":[],"_links":{"self":[{"href":"https:\/\/murter-online.com\/hr\/wp-json\/wp\/v2\/product\/52909","targetHints":{"allow":["GET"]}}],"collection":[{"href":"https:\/\/murter-online.com\/hr\/wp-json\/wp\/v2\/product"}],"about":[{"href":"https:\/\/murter-online.com\/hr\/wp-json\/wp\/v2\/types\/product"}],"wp:featuredmedia":[{"embeddable":true,"href":"https:\/\/murter-online.com\/hr\/wp-json\/wp\/v2\/media\/47225"}],"wp:attachment":[{"href":"https:\/\/murter-online.com\/hr\/wp-json\/wp\/v2\/media?parent=52909"}],"wp:term":[{"taxonomy":"product_brand","embeddable":true,"href":"https:\/\/murter-online.com\/hr\/wp-json\/wp\/v2\/product_brand?post=52909"},{"taxonomy":"product_cat","embeddable":true,"href":"https:\/\/murter-online.com\/hr\/wp-json\/wp\/v2\/product_cat?post=52909"},{"taxonomy":"product_tag","embeddable":true,"href":"https:\/\/murter-online.com\/hr\/wp-json\/wp\/v2\/product_tag?post=52909"}],"curies":[{"name":"wp","href":"https:\/\/api.w.org\/{rel}","templated":true}]}}