{"id":52914,"date":"2025-01-12T10:53:11","date_gmt":"2025-01-12T10:53:11","guid":{"rendered":"https:\/\/murter.riot.hr\/?post_type=product&#038;p=52914"},"modified":"2025-04-26T11:29:04","modified_gmt":"2025-04-26T10:29:04","slug":"apartman-murter-podvrske-a41-id-282","status":"publish","type":"product","link":"https:\/\/murter-online.com\/hr\/proizvod\/apartman-murter-podvrske-a41-id-282\/","title":{"rendered":"Obiteljski apartman Podvr\u0161ke Murter A4+1 ID 282"},"content":{"rendered":"","protected":false},"excerpt":{"rendered":"<p>Apartman ima dvije spava\u0107e sobe u kojima mogu spavati 4 odrasle osobe. Apartman se nalazi na odli\u010dnoj lokaciji, jako blizu pje\u0161\u010dane pla\u017ee Podvr\u0161ke i lokalne pla\u017ee Luke. Apartman je smje\u0161ten u prizemlju ku\u0107e. U dnevnom boravku nalazi se pomo\u0107i le\u017eaj (kau\u010d) koji se mo\u017ee koristiti za spavanje. Ispred apartmana nalazi se velika terasa sa vrtom i sjede\u0107om garniturom. Apartman ima perilicu posu\u0111a, klimu, Wi-Fi internet, kuhinja je potpuno opremljena. Ispred ku\u0107e nalazi se besplatan parking za automobil.<\/p>\n","protected":false},"featured_media":47373,"template":"","meta":{"_acf_changed":false},"product_brand":[],"product_cat":[129,135],"product_tag":[],"class_list":{"0":"post-52914","1":"product","2":"type-product","3":"status-publish","4":"has-post-thumbnail","6":"product_cat-apartmani","7":"product_cat-obiteljski-apartmani","9":"first","10":"instock","11":"sold-individually","12":"shipping-taxable","13":"purchasable","14":"product-type-phive_booking"},"acf":[],"_links":{"self":[{"href":"https:\/\/murter-online.com\/hr\/wp-json\/wp\/v2\/product\/52914","targetHints":{"allow":["GET"]}}],"collection":[{"href":"https:\/\/murter-online.com\/hr\/wp-json\/wp\/v2\/product"}],"about":[{"href":"https:\/\/murter-online.com\/hr\/wp-json\/wp\/v2\/types\/product"}],"wp:featuredmedia":[{"embeddable":true,"href":"https:\/\/murter-online.com\/hr\/wp-json\/wp\/v2\/media\/47373"}],"wp:attachment":[{"href":"https:\/\/murter-online.com\/hr\/wp-json\/wp\/v2\/media?parent=52914"}],"wp:term":[{"taxonomy":"product_brand","embeddable":true,"href":"https:\/\/murter-online.com\/hr\/wp-json\/wp\/v2\/product_brand?post=52914"},{"taxonomy":"product_cat","embeddable":true,"href":"https:\/\/murter-online.com\/hr\/wp-json\/wp\/v2\/product_cat?post=52914"},{"taxonomy":"product_tag","embeddable":true,"href":"https:\/\/murter-online.com\/hr\/wp-json\/wp\/v2\/product_tag?post=52914"}],"curies":[{"name":"wp","href":"https:\/\/api.w.org\/{rel}","templated":true}]}}