{"id":52918,"date":"2025-01-12T10:56:02","date_gmt":"2025-01-12T10:56:02","guid":{"rendered":"https:\/\/murter.riot.hr\/?post_type=product&#038;p=52918"},"modified":"2025-04-26T11:34:02","modified_gmt":"2025-04-26T10:34:02","slug":"apartman-murter-podvrske-a6-id-52","status":"publish","type":"product","link":"https:\/\/murter-online.com\/hr\/proizvod\/apartman-murter-podvrske-a6-id-52\/","title":{"rendered":"Obiteljski apartman Murter Podvr\u0161ke A6 ID 52"},"content":{"rendered":"","protected":false},"excerpt":{"rendered":"<p>Dvosobni apartman na izvrsnoj poziciji u Murteru! Samo 200 metara od lokalne pla\u017ee Luke i 350 metara od pje\u0161\u010dane pla\u017ee Podvr\u0161ke. Apartman ima dvije spava\u0107e sobe u kojima mo\u017ee spavati 6 odraslih osoba. Apartman ima klimu, WiFi, aparat za kavu, kuhinja je potpuno opremljena. Apartman se nalazi u prizemlju . Ispred apartmana se nalazi terasa sa ro\u0161tiljem koji se mo\u017ee besplatni koristiti.<\/p>\n","protected":false},"featured_media":47505,"template":"","meta":{"_acf_changed":false},"product_brand":[],"product_cat":[129,135],"product_tag":[],"class_list":{"0":"post-52918","1":"product","2":"type-product","3":"status-publish","4":"has-post-thumbnail","6":"product_cat-apartmani","7":"product_cat-obiteljski-apartmani","9":"first","10":"instock","11":"sold-individually","12":"shipping-taxable","13":"purchasable","14":"product-type-phive_booking"},"acf":[],"_links":{"self":[{"href":"https:\/\/murter-online.com\/hr\/wp-json\/wp\/v2\/product\/52918","targetHints":{"allow":["GET"]}}],"collection":[{"href":"https:\/\/murter-online.com\/hr\/wp-json\/wp\/v2\/product"}],"about":[{"href":"https:\/\/murter-online.com\/hr\/wp-json\/wp\/v2\/types\/product"}],"wp:featuredmedia":[{"embeddable":true,"href":"https:\/\/murter-online.com\/hr\/wp-json\/wp\/v2\/media\/47505"}],"wp:attachment":[{"href":"https:\/\/murter-online.com\/hr\/wp-json\/wp\/v2\/media?parent=52918"}],"wp:term":[{"taxonomy":"product_brand","embeddable":true,"href":"https:\/\/murter-online.com\/hr\/wp-json\/wp\/v2\/product_brand?post=52918"},{"taxonomy":"product_cat","embeddable":true,"href":"https:\/\/murter-online.com\/hr\/wp-json\/wp\/v2\/product_cat?post=52918"},{"taxonomy":"product_tag","embeddable":true,"href":"https:\/\/murter-online.com\/hr\/wp-json\/wp\/v2\/product_tag?post=52918"}],"curies":[{"name":"wp","href":"https:\/\/api.w.org\/{rel}","templated":true}]}}