{"id":52922,"date":"2025-01-12T10:59:14","date_gmt":"2025-01-12T10:59:14","guid":{"rendered":"https:\/\/murter.riot.hr\/?post_type=product&#038;p=52922"},"modified":"2025-04-14T14:01:56","modified_gmt":"2025-04-14T13:01:56","slug":"apartman-murter-bay-goranka-41-id-03","status":"publish","type":"product","link":"https:\/\/murter-online.com\/hr\/proizvod\/apartman-murter-bay-goranka-41-id-03\/","title":{"rendered":"Apartman sa pogledom na more Bay View Murter 4+1 ID 03"},"content":{"rendered":"","protected":false},"excerpt":{"rendered":"<p>Raspored prostorija: Broj spava\u0107ih soba s bra\u010dnim krevetom: 2,Broj kupaonica s tu\u0161em i wc-om: 1,Veli\u010dina terase: 12m2 Oprema smje\u0161tajne jedinice: Klimatizacija,Sat TV,Nema perilice rublja, Hladnjak,\u0160tednjak,TV,Grijanje,Aparat za kavu,Mikrovalna,Perilica su\u0111a,Internet,Ro\u0161tilj, Pozicija i eksterijer smje\u0161tajne jedinice: Pogled na more, Pogled na mirnu ulicu,Zajedni\u010dki ulaz,1. kat, Dodatne informacije: Check in od : 14sati,Check out do: 10sati, Ku\u0107ni ljubimci nisu dozvoljeni,Nije dozvoljeno pu\u0161enje, Cijena uklju\u010duje: Tjedno mjenjanje posteljine,Ru\u010dnici,Pribor za kuhanje i jelo,Utro\u0161ak struje, vode i plina,Pribor za \u010di\u0161\u0107enje,Toaletni papir (pri dolasku),Zavr\u0161no \u010di\u0161\u0107enje,<\/p>\n","protected":false},"featured_media":47593,"template":"","meta":{"_acf_changed":false},"product_brand":[],"product_cat":[129,133,135],"product_tag":[],"class_list":{"0":"post-52922","1":"product","2":"type-product","3":"status-publish","4":"has-post-thumbnail","6":"product_cat-apartmani","7":"product_cat-apartmani-s-pogledom-na-more","8":"product_cat-obiteljski-apartmani","10":"first","11":"instock","12":"sold-individually","13":"shipping-taxable","14":"purchasable","15":"product-type-phive_booking"},"acf":[],"_links":{"self":[{"href":"https:\/\/murter-online.com\/hr\/wp-json\/wp\/v2\/product\/52922","targetHints":{"allow":["GET"]}}],"collection":[{"href":"https:\/\/murter-online.com\/hr\/wp-json\/wp\/v2\/product"}],"about":[{"href":"https:\/\/murter-online.com\/hr\/wp-json\/wp\/v2\/types\/product"}],"wp:featuredmedia":[{"embeddable":true,"href":"https:\/\/murter-online.com\/hr\/wp-json\/wp\/v2\/media\/47593"}],"wp:attachment":[{"href":"https:\/\/murter-online.com\/hr\/wp-json\/wp\/v2\/media?parent=52922"}],"wp:term":[{"taxonomy":"product_brand","embeddable":true,"href":"https:\/\/murter-online.com\/hr\/wp-json\/wp\/v2\/product_brand?post=52922"},{"taxonomy":"product_cat","embeddable":true,"href":"https:\/\/murter-online.com\/hr\/wp-json\/wp\/v2\/product_cat?post=52922"},{"taxonomy":"product_tag","embeddable":true,"href":"https:\/\/murter-online.com\/hr\/wp-json\/wp\/v2\/product_tag?post=52922"}],"curies":[{"name":"wp","href":"https:\/\/api.w.org\/{rel}","templated":true}]}}