{"id":52964,"date":"2025-01-12T11:26:19","date_gmt":"2025-01-12T11:26:19","guid":{"rendered":"https:\/\/murter.riot.hr\/?post_type=product&#038;p=52964"},"modified":"2025-04-19T18:28:52","modified_gmt":"2025-04-19T17:28:52","slug":"apartman-murter-sa-bazenom-cigrada-a4-id-44","status":"publish","type":"product","link":"https:\/\/murter-online.com\/hr\/proizvod\/apartman-murter-sa-bazenom-cigrada-a4-id-44\/","title":{"rendered":"Apartman s bazenom \u010cigra\u0111a Murter A4 ID 44"},"content":{"rendered":"","protected":false},"excerpt":{"rendered":"<p>Apartman \u010cigra\u0111a nalazi se na prvom katu, sastoji se od dvije spava\u0107e sobe, moderno opremljene kuhinje s blagavaonom i kupaonice. Na ugodnom prostranom balkonu u\u017eivat \u0107ete u predivnom pogledu, do\u017eivjeti nezaboravan zalazak sunca ili ra\u0111anje novog dana. Apartman je opremljen klimom, SAT tv-om i bespaltnim WiFi-em Posteljina, ru\u010dnici i zavr\u0161no \u010di\u0161\u0107enje uklju\u010deni su u cijenu<\/p>\n","protected":false},"featured_media":48101,"template":"","meta":{"_acf_changed":false},"product_brand":[],"product_cat":[134],"product_tag":[],"class_list":{"0":"post-52964","1":"product","2":"type-product","3":"status-publish","4":"has-post-thumbnail","6":"product_cat-apartmani-s-bazenom","8":"first","9":"instock","10":"sold-individually","11":"shipping-taxable","12":"purchasable","13":"product-type-phive_booking"},"acf":[],"_links":{"self":[{"href":"https:\/\/murter-online.com\/hr\/wp-json\/wp\/v2\/product\/52964","targetHints":{"allow":["GET"]}}],"collection":[{"href":"https:\/\/murter-online.com\/hr\/wp-json\/wp\/v2\/product"}],"about":[{"href":"https:\/\/murter-online.com\/hr\/wp-json\/wp\/v2\/types\/product"}],"wp:featuredmedia":[{"embeddable":true,"href":"https:\/\/murter-online.com\/hr\/wp-json\/wp\/v2\/media\/48101"}],"wp:attachment":[{"href":"https:\/\/murter-online.com\/hr\/wp-json\/wp\/v2\/media?parent=52964"}],"wp:term":[{"taxonomy":"product_brand","embeddable":true,"href":"https:\/\/murter-online.com\/hr\/wp-json\/wp\/v2\/product_brand?post=52964"},{"taxonomy":"product_cat","embeddable":true,"href":"https:\/\/murter-online.com\/hr\/wp-json\/wp\/v2\/product_cat?post=52964"},{"taxonomy":"product_tag","embeddable":true,"href":"https:\/\/murter-online.com\/hr\/wp-json\/wp\/v2\/product_tag?post=52964"}],"curies":[{"name":"wp","href":"https:\/\/api.w.org\/{rel}","templated":true}]}}