{"id":52968,"date":"2025-01-12T11:28:51","date_gmt":"2025-01-12T11:28:51","guid":{"rendered":"https:\/\/murter.riot.hr\/?post_type=product&#038;p=52968"},"modified":"2025-04-19T18:43:14","modified_gmt":"2025-04-19T17:43:14","slug":"apartman-murter-sa-bazenom-pod-jasenovac-a4-id-46","status":"publish","type":"product","link":"https:\/\/murter-online.com\/hr\/proizvod\/apartman-murter-sa-bazenom-pod-jasenovac-a4-id-46\/","title":{"rendered":"Apartman sa bazenom Pod Jasenovac Murter A4 ID 46"},"content":{"rendered":"","protected":false},"excerpt":{"rendered":"<p>Apartman Pod Jasenovac nalazi se na drugom katu, ima dvije spava\u0107e sobe, modernu kuhinju i prekrasan dnevni boravak u nijansama plave boje s balkonom i pogledom na morsko plavetnilo. Apartman je opremljen klima ure\u0111ajem, besplatnim be\u017ei\u010dnim internetom i satelitskom TV Posteljina, ru\u010dnici i zavr\u0161no \u010di\u0161\u0107enje uklju\u010deni su u cijenu.<\/p>\n","protected":false},"featured_media":48149,"template":"","meta":{"_acf_changed":false},"product_brand":[],"product_cat":[134],"product_tag":[],"class_list":{"0":"post-52968","1":"product","2":"type-product","3":"status-publish","4":"has-post-thumbnail","6":"product_cat-apartmani-s-bazenom","8":"first","9":"instock","10":"sold-individually","11":"shipping-taxable","12":"purchasable","13":"product-type-phive_booking"},"acf":[],"_links":{"self":[{"href":"https:\/\/murter-online.com\/hr\/wp-json\/wp\/v2\/product\/52968","targetHints":{"allow":["GET"]}}],"collection":[{"href":"https:\/\/murter-online.com\/hr\/wp-json\/wp\/v2\/product"}],"about":[{"href":"https:\/\/murter-online.com\/hr\/wp-json\/wp\/v2\/types\/product"}],"wp:featuredmedia":[{"embeddable":true,"href":"https:\/\/murter-online.com\/hr\/wp-json\/wp\/v2\/media\/48149"}],"wp:attachment":[{"href":"https:\/\/murter-online.com\/hr\/wp-json\/wp\/v2\/media?parent=52968"}],"wp:term":[{"taxonomy":"product_brand","embeddable":true,"href":"https:\/\/murter-online.com\/hr\/wp-json\/wp\/v2\/product_brand?post=52968"},{"taxonomy":"product_cat","embeddable":true,"href":"https:\/\/murter-online.com\/hr\/wp-json\/wp\/v2\/product_cat?post=52968"},{"taxonomy":"product_tag","embeddable":true,"href":"https:\/\/murter-online.com\/hr\/wp-json\/wp\/v2\/product_tag?post=52968"}],"curies":[{"name":"wp","href":"https:\/\/api.w.org\/{rel}","templated":true}]}}