{"id":52973,"date":"2025-01-12T11:32:48","date_gmt":"2025-01-12T11:32:48","guid":{"rendered":"https:\/\/murter.riot.hr\/?post_type=product&#038;p=52973"},"modified":"2025-04-19T18:47:24","modified_gmt":"2025-04-19T17:47:24","slug":"apartman-murter-sa-bazenom-podvrske-a41-id-43","status":"publish","type":"product","link":"https:\/\/murter-online.com\/hr\/proizvod\/apartman-murter-sa-bazenom-podvrske-a41-id-43\/","title":{"rendered":"Apartman sa bazenom Podvr\u0161ke Murter A4+1 ID 43"},"content":{"rendered":"","protected":false},"excerpt":{"rendered":"<p>Moderno ure\u0111en apartman od 64 m2, u prizemlju Ville Kos. Apartman mo\u017ee komforno smjestiti do 5 osoba. Nalazi se na mirnom podru\u010dju Apartman je opremljen WiFi-em, kuhalom za vodu, aparatom za kavu, mikrovalnom te SAT tv-om. Posteljina, ru\u010dnici i zavr\u0161no \u010di\u0161\u0107enje je uklju\u010deno u cijenu.<\/p>\n","protected":false},"featured_media":48201,"template":"","meta":{"_acf_changed":false},"product_brand":[],"product_cat":[134],"product_tag":[],"class_list":{"0":"post-52973","1":"product","2":"type-product","3":"status-publish","4":"has-post-thumbnail","6":"product_cat-apartmani-s-bazenom","8":"first","9":"instock","10":"sold-individually","11":"shipping-taxable","12":"purchasable","13":"product-type-phive_booking"},"acf":[],"_links":{"self":[{"href":"https:\/\/murter-online.com\/hr\/wp-json\/wp\/v2\/product\/52973","targetHints":{"allow":["GET"]}}],"collection":[{"href":"https:\/\/murter-online.com\/hr\/wp-json\/wp\/v2\/product"}],"about":[{"href":"https:\/\/murter-online.com\/hr\/wp-json\/wp\/v2\/types\/product"}],"wp:featuredmedia":[{"embeddable":true,"href":"https:\/\/murter-online.com\/hr\/wp-json\/wp\/v2\/media\/48201"}],"wp:attachment":[{"href":"https:\/\/murter-online.com\/hr\/wp-json\/wp\/v2\/media?parent=52973"}],"wp:term":[{"taxonomy":"product_brand","embeddable":true,"href":"https:\/\/murter-online.com\/hr\/wp-json\/wp\/v2\/product_brand?post=52973"},{"taxonomy":"product_cat","embeddable":true,"href":"https:\/\/murter-online.com\/hr\/wp-json\/wp\/v2\/product_cat?post=52973"},{"taxonomy":"product_tag","embeddable":true,"href":"https:\/\/murter-online.com\/hr\/wp-json\/wp\/v2\/product_tag?post=52973"}],"curies":[{"name":"wp","href":"https:\/\/api.w.org\/{rel}","templated":true}]}}