{"id":52978,"date":"2025-01-09T17:54:46","date_gmt":"2025-01-09T17:54:46","guid":{"rendered":"https:\/\/murter.riot.hr\/?post_type=product&#038;p=52978"},"modified":"2025-04-19T18:51:01","modified_gmt":"2025-04-19T17:51:01","slug":"apartman-murter-sa-bazenom-sv-nikola-a4-id-48","status":"publish","type":"product","link":"https:\/\/murter-online.com\/hr\/proizvod\/apartman-murter-sa-bazenom-sv-nikola-a4-id-48\/","title":{"rendered":"Apartman s bazenom Sv. Nikola Murter A4 ID 48"},"content":{"rendered":"","protected":false},"excerpt":{"rendered":"<p>Apartman Sv. Nikola nalzi se na drugom katu, ima dvije spava\u0107e sobe, moderno opremljenu kuhinju i dnevni boravak sa balkonom i pogledom na more. Ure\u0111en je u tamnijim nijansama, zanimljivim kovanim krevetima. Apartman sa dvije spava\u0107e sobe. Komforan za 4 osobe. Panoramski pogled, 55 m2. Apartman je opremljen klima ure\u0111ajem, besplatnim be\u017ei\u010dnim pristupom internetu i satelitskom TV Posteljina, ru\u010dnici i zavr\u0161no \u010di\u0161\u0107enje uklju\u010deni su u cijenu.<\/p>\n","protected":false},"featured_media":40078,"template":"","meta":{"_acf_changed":false},"product_brand":[],"product_cat":[134],"product_tag":[],"class_list":{"0":"post-52978","1":"product","2":"type-product","3":"status-publish","4":"has-post-thumbnail","6":"product_cat-apartmani-s-bazenom","8":"first","9":"instock","10":"sold-individually","11":"shipping-taxable","12":"purchasable","13":"product-type-phive_booking"},"acf":[],"_links":{"self":[{"href":"https:\/\/murter-online.com\/hr\/wp-json\/wp\/v2\/product\/52978","targetHints":{"allow":["GET"]}}],"collection":[{"href":"https:\/\/murter-online.com\/hr\/wp-json\/wp\/v2\/product"}],"about":[{"href":"https:\/\/murter-online.com\/hr\/wp-json\/wp\/v2\/types\/product"}],"wp:featuredmedia":[{"embeddable":true,"href":"https:\/\/murter-online.com\/hr\/wp-json\/wp\/v2\/media\/40078"}],"wp:attachment":[{"href":"https:\/\/murter-online.com\/hr\/wp-json\/wp\/v2\/media?parent=52978"}],"wp:term":[{"taxonomy":"product_brand","embeddable":true,"href":"https:\/\/murter-online.com\/hr\/wp-json\/wp\/v2\/product_brand?post=52978"},{"taxonomy":"product_cat","embeddable":true,"href":"https:\/\/murter-online.com\/hr\/wp-json\/wp\/v2\/product_cat?post=52978"},{"taxonomy":"product_tag","embeddable":true,"href":"https:\/\/murter-online.com\/hr\/wp-json\/wp\/v2\/product_tag?post=52978"}],"curies":[{"name":"wp","href":"https:\/\/api.w.org\/{rel}","templated":true}]}}