{"id":52984,"date":"2025-01-09T18:22:47","date_gmt":"2025-01-09T18:22:47","guid":{"rendered":"https:\/\/murter.riot.hr\/?post_type=product&#038;p=52984"},"modified":"2025-05-01T13:04:25","modified_gmt":"2025-05-01T12:04:25","slug":"apartman-blizu-plaze-slanica-a41-id-280","status":"publish","type":"product","link":"https:\/\/murter-online.com\/hr\/proizvod\/apartman-blizu-plaze-slanica-a41-id-280\/","title":{"rendered":"Obiteljski apartman blizu pla\u017ee Slanica Josipa Murter A4+1 ID 280"},"content":{"rendered":"","protected":false},"excerpt":{"rendered":"<p>Apartman sa dvije spava\u0107e sobe i dvije kupaonice udaljen je samo 300 metara od pje\u0161\u010dane pla\u017ee Slanica. Apartman se nalazi u prizemlju. U dvije spava\u0107e sobe na bra\u010dnim krevetima mogu spavati 4 odrasle osobe, u dnevnom boravku nalazi se pomo\u0107ni le\u017eaj (kau\u010d) koji se mo\u017ee koristiti za spavanje. Jedna spava\u0107a soba odvojena je od apartmana i nema klimu. Apartman ima perilicu rublja,klimu, WiFi- internet, mikorovalnu pe\u0107nicu, veliki zamrziva\u010d. Kuhinja je potpuno opremljena. Apartman ima vanjski prostor sa grillom koji se mo\u017ee besplatno koristiti. Apartman privatnu terasu ispred apartmana i jedan balkon na koji se izlazi iz sobe. Ispred apartmana nalazi se besplatan parking za automobil.<\/p>\n","protected":false},"featured_media":40126,"template":"","meta":{"_acf_changed":false},"product_brand":[],"product_cat":[129,135],"product_tag":[],"class_list":{"0":"post-52984","1":"product","2":"type-product","3":"status-publish","4":"has-post-thumbnail","6":"product_cat-apartmani","7":"product_cat-obiteljski-apartmani","9":"first","10":"instock","11":"sold-individually","12":"shipping-taxable","13":"purchasable","14":"product-type-phive_booking"},"acf":[],"_links":{"self":[{"href":"https:\/\/murter-online.com\/hr\/wp-json\/wp\/v2\/product\/52984","targetHints":{"allow":["GET"]}}],"collection":[{"href":"https:\/\/murter-online.com\/hr\/wp-json\/wp\/v2\/product"}],"about":[{"href":"https:\/\/murter-online.com\/hr\/wp-json\/wp\/v2\/types\/product"}],"wp:featuredmedia":[{"embeddable":true,"href":"https:\/\/murter-online.com\/hr\/wp-json\/wp\/v2\/media\/40126"}],"wp:attachment":[{"href":"https:\/\/murter-online.com\/hr\/wp-json\/wp\/v2\/media?parent=52984"}],"wp:term":[{"taxonomy":"product_brand","embeddable":true,"href":"https:\/\/murter-online.com\/hr\/wp-json\/wp\/v2\/product_brand?post=52984"},{"taxonomy":"product_cat","embeddable":true,"href":"https:\/\/murter-online.com\/hr\/wp-json\/wp\/v2\/product_cat?post=52984"},{"taxonomy":"product_tag","embeddable":true,"href":"https:\/\/murter-online.com\/hr\/wp-json\/wp\/v2\/product_tag?post=52984"}],"curies":[{"name":"wp","href":"https:\/\/api.w.org\/{rel}","templated":true}]}}