{"id":52989,"date":"2025-01-09T18:38:46","date_gmt":"2025-01-09T18:38:46","guid":{"rendered":"https:\/\/murter.riot.hr\/?post_type=product&#038;p=52989"},"modified":"2025-04-17T07:19:38","modified_gmt":"2025-04-17T06:19:38","slug":"apartman-blizu-plaze-u-betini-a41-id-253","status":"publish","type":"product","link":"https:\/\/murter-online.com\/hr\/proizvod\/apartman-blizu-plaze-u-betini-a41-id-253\/","title":{"rendered":"Apartman blizu pla\u017ee u Betini &#8211; otok Murter A4+1 ID 253"},"content":{"rendered":"","protected":false},"excerpt":{"rendered":"<p>Dvosobni apartman na dvije eta\u017ee u Betini. Apartman ima dvije spava\u0107e sobe , kuhinju, dnevni boravak i kupaonicu sa perilicom rublja. Nalazi se blizu pla\u017ee pogodne za malu djecu. Apartman ima dvije terase i jedan sobni balkon. Sa gornjeg balkona pru\u017ea se prekrasni pogled na Betinu. Apartman ima klimu i WiFi internet. Parking je besplatan i nalazi se ispred apartmana.<\/p>\n","protected":false},"featured_media":40833,"template":"","meta":{"_acf_changed":false},"product_brand":[],"product_cat":[129,133],"product_tag":[],"class_list":{"0":"post-52989","1":"product","2":"type-product","3":"status-publish","4":"has-post-thumbnail","6":"product_cat-apartmani","7":"product_cat-apartmani-s-pogledom-na-more","9":"first","10":"instock","11":"sold-individually","12":"shipping-taxable","13":"purchasable","14":"product-type-phive_booking"},"acf":[],"_links":{"self":[{"href":"https:\/\/murter-online.com\/hr\/wp-json\/wp\/v2\/product\/52989","targetHints":{"allow":["GET"]}}],"collection":[{"href":"https:\/\/murter-online.com\/hr\/wp-json\/wp\/v2\/product"}],"about":[{"href":"https:\/\/murter-online.com\/hr\/wp-json\/wp\/v2\/types\/product"}],"wp:featuredmedia":[{"embeddable":true,"href":"https:\/\/murter-online.com\/hr\/wp-json\/wp\/v2\/media\/40833"}],"wp:attachment":[{"href":"https:\/\/murter-online.com\/hr\/wp-json\/wp\/v2\/media?parent=52989"}],"wp:term":[{"taxonomy":"product_brand","embeddable":true,"href":"https:\/\/murter-online.com\/hr\/wp-json\/wp\/v2\/product_brand?post=52989"},{"taxonomy":"product_cat","embeddable":true,"href":"https:\/\/murter-online.com\/hr\/wp-json\/wp\/v2\/product_cat?post=52989"},{"taxonomy":"product_tag","embeddable":true,"href":"https:\/\/murter-online.com\/hr\/wp-json\/wp\/v2\/product_tag?post=52989"}],"curies":[{"name":"wp","href":"https:\/\/api.w.org\/{rel}","templated":true}]}}