{"id":53009,"date":"2025-01-09T20:53:41","date_gmt":"2025-01-09T20:53:41","guid":{"rendered":"https:\/\/murter.riot.hr\/?post_type=product&#038;p=53009"},"modified":"2025-09-30T16:24:41","modified_gmt":"2025-09-30T15:24:41","slug":"apartman-blizu-plaze-u-murteru-a4-id-251","status":"publish","type":"product","link":"https:\/\/murter-online.com\/hr\/proizvod\/apartman-blizu-plaze-u-murteru-a4-id-251\/","title":{"rendered":"Apartman za 4 osobe  blizu pla\u017ee Slanica u Murteru A4 ID 251"},"content":{"rendered":"","protected":false},"excerpt":{"rendered":"<div><\/div>\n<div>Apartman za 4 osobe nalazi se na drugom katu ku\u0107e. Apartman ima klimu, WiFi, perilicu rublja i potpuno opremljenu kuhinju. Ima dvije spava\u0107e sobe u kojima mogu spavati 4 odrasle osobe .Apartman se nalazi na odli\u010dnoj poziciji, izme\u0111u pla\u017ee Slanica i lokalne pla\u017ee Luke. Prva trgovina udaljena je 5 minuta hoda a centar je udaljen 10 minuta hoda. Okru\u017eenje apartmana je mirno a parking je osiguran u dvori\u0161tu ispred apartmana.Tro\u0161ak \u010di\u0161\u0107enja je 50\u00a0 eura.<\/div>\n","protected":false},"featured_media":41581,"template":"","meta":{"_acf_changed":false},"product_brand":[],"product_cat":[129,133,135],"product_tag":[],"class_list":{"0":"post-53009","1":"product","2":"type-product","3":"status-publish","4":"has-post-thumbnail","6":"product_cat-apartmani","7":"product_cat-apartmani-s-pogledom-na-more","8":"product_cat-obiteljski-apartmani","10":"first","11":"instock","12":"sold-individually","13":"shipping-taxable","14":"purchasable","15":"product-type-phive_booking"},"acf":[],"_links":{"self":[{"href":"https:\/\/murter-online.com\/hr\/wp-json\/wp\/v2\/product\/53009","targetHints":{"allow":["GET"]}}],"collection":[{"href":"https:\/\/murter-online.com\/hr\/wp-json\/wp\/v2\/product"}],"about":[{"href":"https:\/\/murter-online.com\/hr\/wp-json\/wp\/v2\/types\/product"}],"wp:featuredmedia":[{"embeddable":true,"href":"https:\/\/murter-online.com\/hr\/wp-json\/wp\/v2\/media\/41581"}],"wp:attachment":[{"href":"https:\/\/murter-online.com\/hr\/wp-json\/wp\/v2\/media?parent=53009"}],"wp:term":[{"taxonomy":"product_brand","embeddable":true,"href":"https:\/\/murter-online.com\/hr\/wp-json\/wp\/v2\/product_brand?post=53009"},{"taxonomy":"product_cat","embeddable":true,"href":"https:\/\/murter-online.com\/hr\/wp-json\/wp\/v2\/product_cat?post=53009"},{"taxonomy":"product_tag","embeddable":true,"href":"https:\/\/murter-online.com\/hr\/wp-json\/wp\/v2\/product_tag?post=53009"}],"curies":[{"name":"wp","href":"https:\/\/api.w.org\/{rel}","templated":true}]}}