{"id":53014,"date":"2025-01-09T21:46:27","date_gmt":"2025-01-09T21:46:27","guid":{"rendered":"https:\/\/murter.riot.hr\/?post_type=product&#038;p=53014"},"modified":"2025-02-01T07:33:32","modified_gmt":"2025-02-01T07:33:32","slug":"apartman-blizu-plaze-podvrske-a41-id-278","status":"publish","type":"product","link":"https:\/\/murter-online.com\/hr\/proizvod\/apartman-blizu-plaze-podvrske-a41-id-278\/","title":{"rendered":"Apartman blizu pla\u017ee Podvr\u0161ke A4+1 ID 278"},"content":{"rendered":"","protected":false},"excerpt":{"rendered":"<p>Apartman se nalazi na odli\u010dnoj lokaciji u Murteru! U blizini apartmana nalaze se dvije poznate murterske pla\u017ee, lokalna pla\u017ea Luke i pje\u0161\u010dana i \u0161ljun\u010dana pla\u017ea Podvr\u0161ke. Apartman se nalazi na mirnoj i tihoj lokaciji. Apartman je veli\u010dine 60 metara kvadratnih + terasa 20 metara kvadratnih. Za kori\u0161tenje gostima koji borave u apartmanu na raspolaganju je i zajedni\u010dka terasa od 72 metra kvadratna na kojoj se nalaze le\u017ealjke i grill na plin. Apartman ima dvije spava\u0107e sobe u kojima mogu spavati 4 odrasle osobe, u dnevnom boravku je pomo\u0107ni le\u017eaj ( kau\u010d ) na kojem mo\u017ee spavati jedna dijete. U apartmanu postoji Smart TV,SAT TV, WiFi &#8211; internet, klima, kuhalo za vodu, srednji hladnjak sa zamrziva\u010dem, \u0161tednjak. Apartman ima perilicu rublja. Sa zajedni\u010dke terase pru\u017ea se prekrasan pogled na more i murterski arhipelag. Parking je osiguran ispred ku\u0107e i uklju\u010den u cijenu apartmana.<\/p>\n","protected":false},"featured_media":42037,"template":"","meta":{"_acf_changed":false},"product_brand":[],"product_cat":[129,135],"product_tag":[],"class_list":{"0":"post-53014","1":"product","2":"type-product","3":"status-publish","4":"has-post-thumbnail","6":"product_cat-apartmani","7":"product_cat-obiteljski-apartmani","9":"first","10":"instock","11":"sold-individually","12":"shipping-taxable","13":"purchasable","14":"product-type-phive_booking"},"acf":[],"_links":{"self":[{"href":"https:\/\/murter-online.com\/hr\/wp-json\/wp\/v2\/product\/53014","targetHints":{"allow":["GET"]}}],"collection":[{"href":"https:\/\/murter-online.com\/hr\/wp-json\/wp\/v2\/product"}],"about":[{"href":"https:\/\/murter-online.com\/hr\/wp-json\/wp\/v2\/types\/product"}],"wp:featuredmedia":[{"embeddable":true,"href":"https:\/\/murter-online.com\/hr\/wp-json\/wp\/v2\/media\/42037"}],"wp:attachment":[{"href":"https:\/\/murter-online.com\/hr\/wp-json\/wp\/v2\/media?parent=53014"}],"wp:term":[{"taxonomy":"product_brand","embeddable":true,"href":"https:\/\/murter-online.com\/hr\/wp-json\/wp\/v2\/product_brand?post=53014"},{"taxonomy":"product_cat","embeddable":true,"href":"https:\/\/murter-online.com\/hr\/wp-json\/wp\/v2\/product_cat?post=53014"},{"taxonomy":"product_tag","embeddable":true,"href":"https:\/\/murter-online.com\/hr\/wp-json\/wp\/v2\/product_tag?post=53014"}],"curies":[{"name":"wp","href":"https:\/\/api.w.org\/{rel}","templated":true}]}}