{"id":53019,"date":"2025-01-10T08:15:48","date_gmt":"2025-01-10T08:15:48","guid":{"rendered":"https:\/\/murter.riot.hr\/?post_type=product&#038;p=53019"},"modified":"2025-04-17T07:32:30","modified_gmt":"2025-04-17T06:32:30","slug":"apartman-new-u-betini-sa-vezom-za-brod-a41","status":"publish","type":"product","link":"https:\/\/murter-online.com\/hr\/proizvod\/apartman-new-u-betini-sa-vezom-za-brod-a41\/","title":{"rendered":"Apartman sa vezom za brod u Plitka Vala Betina A4+1"},"content":{"rendered":"","protected":false},"excerpt":{"rendered":"<p>Lijepo ure\u0111eni apartman modernog dizajna u kojem \u0107ete se zasigurno ugodno osje\u0107ati. Nalazi se svega 100 metara od \u0161ljun\u010dane pla\u017ee te 500 metara od sredi\u0161ta Betine. Smje\u0161tajna jedinica sadr\u017ei be\u017ei\u010dni pristup internetu, TV sa satelitskim programima, dvije klima jedinice, potpuno opremljenu kuhinju s blagovaonicom, kupaonicu i WC te balkone s pogledom na more i na dvori\u0161te. Gostima je dostupna i zajedni\u010dka oprema za ro\u0161tilj. Gostima je tako\u0111er omogu\u0107en vez za \u010damac na bovi blizu apartmana. Vez je uklju\u010den u cijenu apartmana.<\/p>\n","protected":false},"featured_media":42585,"template":"","meta":{"_acf_changed":false},"product_brand":[],"product_cat":[129,133,136,135],"product_tag":[],"class_list":{"0":"post-53019","1":"product","2":"type-product","3":"status-publish","4":"has-post-thumbnail","6":"product_cat-apartmani","7":"product_cat-apartmani-s-pogledom-na-more","8":"product_cat-apartmani-s-vezom-za-brod","9":"product_cat-obiteljski-apartmani","11":"first","12":"instock","13":"sold-individually","14":"shipping-taxable","15":"purchasable","16":"product-type-phive_booking"},"acf":[],"_links":{"self":[{"href":"https:\/\/murter-online.com\/hr\/wp-json\/wp\/v2\/product\/53019","targetHints":{"allow":["GET"]}}],"collection":[{"href":"https:\/\/murter-online.com\/hr\/wp-json\/wp\/v2\/product"}],"about":[{"href":"https:\/\/murter-online.com\/hr\/wp-json\/wp\/v2\/types\/product"}],"wp:featuredmedia":[{"embeddable":true,"href":"https:\/\/murter-online.com\/hr\/wp-json\/wp\/v2\/media\/42585"}],"wp:attachment":[{"href":"https:\/\/murter-online.com\/hr\/wp-json\/wp\/v2\/media?parent=53019"}],"wp:term":[{"taxonomy":"product_brand","embeddable":true,"href":"https:\/\/murter-online.com\/hr\/wp-json\/wp\/v2\/product_brand?post=53019"},{"taxonomy":"product_cat","embeddable":true,"href":"https:\/\/murter-online.com\/hr\/wp-json\/wp\/v2\/product_cat?post=53019"},{"taxonomy":"product_tag","embeddable":true,"href":"https:\/\/murter-online.com\/hr\/wp-json\/wp\/v2\/product_tag?post=53019"}],"curies":[{"name":"wp","href":"https:\/\/api.w.org\/{rel}","templated":true}]}}