{"id":53023,"date":"2025-01-10T08:54:16","date_gmt":"2025-01-10T08:54:16","guid":{"rendered":"https:\/\/murter.riot.hr\/?post_type=product&#038;p=53023"},"modified":"2025-04-17T07:38:38","modified_gmt":"2025-04-17T06:38:38","slug":"apartman-na-plazi-u-murteru-a42-id-296","status":"publish","type":"product","link":"https:\/\/murter-online.com\/hr\/proizvod\/apartman-na-plazi-u-murteru-a42-id-296\/","title":{"rendered":"Apartman na pla\u017ei Luke u Murteru A4+2 ID 296"},"content":{"rendered":"","protected":false},"excerpt":{"rendered":"<p>Apartman se nalazi samo 70 metara od gradske pla\u017ee Luke. Pla\u017ea je \u0161ljun\u010dana, betonska i pje\u0161\u010dana. Apartman ima veliku terasu, dio terase ima pogled na more. Od pje\u0161\u010dane pla\u017ee Podvr\u0161ke i pje\u0161\u010dane pla\u017ee Slanica udaljen je max.10-15 minuta laganog hoda. Od centra mjesta apartman je udaljen max. 7-10 minuta laganog hoda. Apartman ima dvije spava\u0107e sobe u kojima mogu spavati 4 odrasle osobe. Apartman ima veliki pomo\u0107ni le\u017eaj (kau\u010d) u dnevnom boravku na kojemu mogu spavati 2 osobe. Kuhinja je potpuno opremljena. Apartman ima veliki fri\u017eider, SAT TV, besplatan WiFi. Apartman ima besplatan parking ispred ku\u0107e. Ispred ku\u0107e postoji ro\u0161tilj koji se mo\u017ee besplatno koristiti.<\/p>\n","protected":false},"featured_media":42665,"template":"","meta":{"_acf_changed":false},"product_brand":[],"product_cat":[129,133,135],"product_tag":[],"class_list":{"0":"post-53023","1":"product","2":"type-product","3":"status-publish","4":"has-post-thumbnail","6":"product_cat-apartmani","7":"product_cat-apartmani-s-pogledom-na-more","8":"product_cat-obiteljski-apartmani","10":"first","11":"instock","12":"sold-individually","13":"shipping-taxable","14":"purchasable","15":"product-type-phive_booking"},"acf":[],"_links":{"self":[{"href":"https:\/\/murter-online.com\/hr\/wp-json\/wp\/v2\/product\/53023","targetHints":{"allow":["GET"]}}],"collection":[{"href":"https:\/\/murter-online.com\/hr\/wp-json\/wp\/v2\/product"}],"about":[{"href":"https:\/\/murter-online.com\/hr\/wp-json\/wp\/v2\/types\/product"}],"wp:featuredmedia":[{"embeddable":true,"href":"https:\/\/murter-online.com\/hr\/wp-json\/wp\/v2\/media\/42665"}],"wp:attachment":[{"href":"https:\/\/murter-online.com\/hr\/wp-json\/wp\/v2\/media?parent=53023"}],"wp:term":[{"taxonomy":"product_brand","embeddable":true,"href":"https:\/\/murter-online.com\/hr\/wp-json\/wp\/v2\/product_brand?post=53023"},{"taxonomy":"product_cat","embeddable":true,"href":"https:\/\/murter-online.com\/hr\/wp-json\/wp\/v2\/product_cat?post=53023"},{"taxonomy":"product_tag","embeddable":true,"href":"https:\/\/murter-online.com\/hr\/wp-json\/wp\/v2\/product_tag?post=53023"}],"curies":[{"name":"wp","href":"https:\/\/api.w.org\/{rel}","templated":true}]}}