{"id":53030,"date":"2025-01-10T09:13:13","date_gmt":"2025-01-10T09:13:13","guid":{"rendered":"https:\/\/murter.riot.hr\/?post_type=product&#038;p=53030"},"modified":"2025-02-01T07:50:45","modified_gmt":"2025-02-01T07:50:45","slug":"apartman-na-plazi-slanica-a42-id-284","status":"publish","type":"product","link":"https:\/\/murter-online.com\/hr\/proizvod\/apartman-na-plazi-slanica-a42-id-284\/","title":{"rendered":"Apartman na pla\u017ei Slanica A4+2 ID 284"},"content":{"rendered":"","protected":false},"excerpt":{"rendered":"<p>Apartman za max. 4+2 osobe smje\u0161ten je direktno na pla\u017ei Slanica. Apartman ima dvije spava\u0107e sobe u kojima mogu spavati 4 odrasle osobe. Apartman ima veliki dnevni boravak u kojem se nalazi kau\u010d koji se mo\u017ee koristiti za spavanje. Apartman ima TV, WiFi, perilicu posu\u0111a, pe\u0107nicu, zamrziva\u010d i hladnjak, ledomat. Kuhinja je potpuno opremljena i odvojena od dnevnog boravka. Iz blagovaonice se izlazi na balkon. Apartman ima pogled na more. Apartman ima besplatan parking.<\/p>\n","protected":false},"featured_media":42821,"template":"","meta":{"_acf_changed":false},"product_brand":[],"product_cat":[129,133,135],"product_tag":[],"class_list":{"0":"post-53030","1":"product","2":"type-product","3":"status-publish","4":"has-post-thumbnail","6":"product_cat-apartmani","7":"product_cat-apartmani-s-pogledom-na-more","8":"product_cat-obiteljski-apartmani","10":"first","11":"instock","12":"sold-individually","13":"shipping-taxable","14":"purchasable","15":"product-type-phive_booking"},"acf":[],"_links":{"self":[{"href":"https:\/\/murter-online.com\/hr\/wp-json\/wp\/v2\/product\/53030","targetHints":{"allow":["GET"]}}],"collection":[{"href":"https:\/\/murter-online.com\/hr\/wp-json\/wp\/v2\/product"}],"about":[{"href":"https:\/\/murter-online.com\/hr\/wp-json\/wp\/v2\/types\/product"}],"wp:featuredmedia":[{"embeddable":true,"href":"https:\/\/murter-online.com\/hr\/wp-json\/wp\/v2\/media\/42821"}],"wp:attachment":[{"href":"https:\/\/murter-online.com\/hr\/wp-json\/wp\/v2\/media?parent=53030"}],"wp:term":[{"taxonomy":"product_brand","embeddable":true,"href":"https:\/\/murter-online.com\/hr\/wp-json\/wp\/v2\/product_brand?post=53030"},{"taxonomy":"product_cat","embeddable":true,"href":"https:\/\/murter-online.com\/hr\/wp-json\/wp\/v2\/product_cat?post=53030"},{"taxonomy":"product_tag","embeddable":true,"href":"https:\/\/murter-online.com\/hr\/wp-json\/wp\/v2\/product_tag?post=53030"}],"curies":[{"name":"wp","href":"https:\/\/api.w.org\/{rel}","templated":true}]}}