{"id":53041,"date":"2025-01-10T11:41:15","date_gmt":"2025-01-10T11:41:15","guid":{"rendered":"https:\/\/murter.riot.hr\/?post_type=product&#038;p=53041"},"modified":"2025-05-01T19:13:13","modified_gmt":"2025-05-01T18:13:13","slug":"apartman-mir-murter-a6-id-308-2","status":"publish","type":"product","link":"https:\/\/murter-online.com\/hr\/proizvod\/apartman-mir-murter-a6-id-308-2\/","title":{"rendered":"Obiteljski apartman Greenpeace Murter A6 ID 308"},"content":{"rendered":"","protected":false},"excerpt":{"rendered":"<p>Novoure\u0111en i potpuno opremljen apartman za max. 6 osoba nalazi se na mirnoj lokaciji u Murteru. Apartman je udaljen od centra mjesta oko 250 metara. Najbli\u017ea pla\u017ea je pla\u017ea Zdra\u010de u Betini pogodna za djecu i starije osobe. Apartman ima 2 spava\u0107e sobe u kojima mo\u017ee spavati 6 odraslih osoba. Apartman ima dvije eta\u017ee, na prvoj eta\u017ei nalazi se kuhinja sa blagavaonom i dnevnim boravkom, kupaonom i jednom spava\u0107om sobom, na drugoj eta\u017ei nalazi se velika klimatizirana soba u potkrovlju sa dva bra\u010dna le\u017eaja. Apartman ima televizor, besplatni WiFi internet ,mikrovalnu, kuhalo za vodu, ma\u0161inu za pranje rublja. Ispred ku\u0107e nalazi se besplatni parking za goste. U dvori\u0161tu ku\u0107e nalazi se prekrasan vanjski prostor sa ro\u0161tiljem i vrtnom garniturom koji se mo\u017ee besplatno koristiti. Sa terase se pru\u017ea prekrasan pogled na crkvu Sv.Roka i murtersko-betinsko polje.<\/p>\n","protected":false},"featured_media":42949,"template":"","meta":{"_acf_changed":false},"product_brand":[],"product_cat":[129,135],"product_tag":[],"class_list":{"0":"post-53041","1":"product","2":"type-product","3":"status-publish","4":"has-post-thumbnail","6":"product_cat-apartmani","7":"product_cat-obiteljski-apartmani","9":"first","10":"instock","11":"sold-individually","12":"shipping-taxable","13":"purchasable","14":"product-type-phive_booking"},"acf":[],"_links":{"self":[{"href":"https:\/\/murter-online.com\/hr\/wp-json\/wp\/v2\/product\/53041","targetHints":{"allow":["GET"]}}],"collection":[{"href":"https:\/\/murter-online.com\/hr\/wp-json\/wp\/v2\/product"}],"about":[{"href":"https:\/\/murter-online.com\/hr\/wp-json\/wp\/v2\/types\/product"}],"wp:featuredmedia":[{"embeddable":true,"href":"https:\/\/murter-online.com\/hr\/wp-json\/wp\/v2\/media\/42949"}],"wp:attachment":[{"href":"https:\/\/murter-online.com\/hr\/wp-json\/wp\/v2\/media?parent=53041"}],"wp:term":[{"taxonomy":"product_brand","embeddable":true,"href":"https:\/\/murter-online.com\/hr\/wp-json\/wp\/v2\/product_brand?post=53041"},{"taxonomy":"product_cat","embeddable":true,"href":"https:\/\/murter-online.com\/hr\/wp-json\/wp\/v2\/product_cat?post=53041"},{"taxonomy":"product_tag","embeddable":true,"href":"https:\/\/murter-online.com\/hr\/wp-json\/wp\/v2\/product_tag?post=53041"}],"curies":[{"name":"wp","href":"https:\/\/api.w.org\/{rel}","templated":true}]}}