{"id":53051,"date":"2025-01-10T13:29:11","date_gmt":"2025-01-10T13:29:11","guid":{"rendered":"https:\/\/murter.riot.hr\/?post_type=product&#038;p=53051"},"modified":"2025-04-17T08:15:53","modified_gmt":"2025-04-17T07:15:53","slug":"apartman-perla-a42-id-90","status":"publish","type":"product","link":"https:\/\/murter-online.com\/hr\/proizvod\/apartman-perla-a42-id-90\/","title":{"rendered":"Apartman sa pogledom na more Perla Murter A4+2 ID 90"},"content":{"rendered":"","protected":false},"excerpt":{"rendered":"<p>Apartman se nalazi u blizini marine Murter &#8211; Hramine. Blizina centra grada Murtera do kojeg se sti\u017ee za samo nekoliko minuta. Prva lokalna pla\u017ea udaljena je 180 metara (gradska pla\u017ea). Blizina lokalnih benzinskih pumpi, supermarketa, restorana i kafi\u0107a. Apartman ima balkon i pogled na more. Apartman je opremljen ure\u0111ajima, WiFi-jem i satelitskom TV. Posteljina, ru\u010dnici i zavr\u0161no \u010di\u0161\u0107enje uklju\u010deni su u cijenu. Postoji mogu\u0107nost da se apartman iznajmi samo sa jednom spava\u0107om sobom za dvoje odraslih + dvoje djece, cijena u tom slu\u010daju bila bi : 160,00 euro\/glavna sezona i 140 euro\/predsezona i podsezona.<\/p>\n","protected":false},"featured_media":43149,"template":"","meta":{"_acf_changed":false},"product_brand":[],"product_cat":[129,133,135],"product_tag":[],"class_list":{"0":"post-53051","1":"product","2":"type-product","3":"status-publish","4":"has-post-thumbnail","6":"product_cat-apartmani","7":"product_cat-apartmani-s-pogledom-na-more","8":"product_cat-obiteljski-apartmani","10":"first","11":"instock","12":"sold-individually","13":"shipping-taxable","14":"purchasable","15":"product-type-phive_booking"},"acf":[],"_links":{"self":[{"href":"https:\/\/murter-online.com\/hr\/wp-json\/wp\/v2\/product\/53051","targetHints":{"allow":["GET"]}}],"collection":[{"href":"https:\/\/murter-online.com\/hr\/wp-json\/wp\/v2\/product"}],"about":[{"href":"https:\/\/murter-online.com\/hr\/wp-json\/wp\/v2\/types\/product"}],"wp:featuredmedia":[{"embeddable":true,"href":"https:\/\/murter-online.com\/hr\/wp-json\/wp\/v2\/media\/43149"}],"wp:attachment":[{"href":"https:\/\/murter-online.com\/hr\/wp-json\/wp\/v2\/media?parent=53051"}],"wp:term":[{"taxonomy":"product_brand","embeddable":true,"href":"https:\/\/murter-online.com\/hr\/wp-json\/wp\/v2\/product_brand?post=53051"},{"taxonomy":"product_cat","embeddable":true,"href":"https:\/\/murter-online.com\/hr\/wp-json\/wp\/v2\/product_cat?post=53051"},{"taxonomy":"product_tag","embeddable":true,"href":"https:\/\/murter-online.com\/hr\/wp-json\/wp\/v2\/product_tag?post=53051"}],"curies":[{"name":"wp","href":"https:\/\/api.w.org\/{rel}","templated":true}]}}