{"id":53055,"date":"2025-01-10T14:42:55","date_gmt":"2025-01-10T14:42:55","guid":{"rendered":"https:\/\/murter.riot.hr\/?post_type=product&#038;p=53055"},"modified":"2025-04-17T08:28:23","modified_gmt":"2025-04-17T07:28:23","slug":"apartman-podraduc-garden-paradise-2-a4-id-38","status":"publish","type":"product","link":"https:\/\/murter-online.com\/hr\/proizvod\/apartman-podraduc-garden-paradise-2-a4-id-38\/","title":{"rendered":"Apartman blizu pla\u017ee Slanica Podradu\u010d Garden Paradise Murter 2 A4 ID 38"},"content":{"rendered":"","protected":false},"excerpt":{"rendered":"<p>Prekrasan apartman sa dvije spava\u0107e sobe na odli\u010dnoj lokaciji u Murteru. Apartman se nalazi u ulici Podradu\u010d , od mora je udaljen 80 metara a od pje\u0161\u010dane pla\u017ee Slanica 150 metara. Apartman se nalazi u prizemlju i ima dvije spava\u0107e sobe u kojima mogu spavati 4 odrasle osobe. Apartman ima klimu, free Wi Fi, fri\u017eider, \u0161tednjak i kuhalo za vodu. Kuhinja je potpuno opremljena. Sa terase se vidi more. Apartman ima prekrasan vanjski prostor sa vanjskim tu\u0161em i vrtnom garniturom. Gosti apartmana imaju besplatan parking. Na terasi postoji ro\u0161tilj koji se mo\u017ee besplatno koristiti.<\/p>\n","protected":false},"featured_media":43348,"template":"","meta":{"_acf_changed":false},"product_brand":[],"product_cat":[129,133,135],"product_tag":[],"class_list":{"0":"post-53055","1":"product","2":"type-product","3":"status-publish","4":"has-post-thumbnail","6":"product_cat-apartmani","7":"product_cat-apartmani-s-pogledom-na-more","8":"product_cat-obiteljski-apartmani","10":"first","11":"instock","12":"sold-individually","13":"shipping-taxable","14":"purchasable","15":"product-type-phive_booking"},"acf":[],"_links":{"self":[{"href":"https:\/\/murter-online.com\/hr\/wp-json\/wp\/v2\/product\/53055","targetHints":{"allow":["GET"]}}],"collection":[{"href":"https:\/\/murter-online.com\/hr\/wp-json\/wp\/v2\/product"}],"about":[{"href":"https:\/\/murter-online.com\/hr\/wp-json\/wp\/v2\/types\/product"}],"wp:featuredmedia":[{"embeddable":true,"href":"https:\/\/murter-online.com\/hr\/wp-json\/wp\/v2\/media\/43348"}],"wp:attachment":[{"href":"https:\/\/murter-online.com\/hr\/wp-json\/wp\/v2\/media?parent=53055"}],"wp:term":[{"taxonomy":"product_brand","embeddable":true,"href":"https:\/\/murter-online.com\/hr\/wp-json\/wp\/v2\/product_brand?post=53055"},{"taxonomy":"product_cat","embeddable":true,"href":"https:\/\/murter-online.com\/hr\/wp-json\/wp\/v2\/product_cat?post=53055"},{"taxonomy":"product_tag","embeddable":true,"href":"https:\/\/murter-online.com\/hr\/wp-json\/wp\/v2\/product_tag?post=53055"}],"curies":[{"name":"wp","href":"https:\/\/api.w.org\/{rel}","templated":true}]}}