{"id":53069,"date":"2025-01-11T07:20:32","date_gmt":"2025-01-11T07:20:32","guid":{"rendered":"https:\/\/murter.riot.hr\/?post_type=product&#038;p=53069"},"modified":"2025-04-17T08:49:49","modified_gmt":"2025-04-17T07:49:49","slug":"apartman-podraduc-murter-a41-id-319","status":"publish","type":"product","link":"https:\/\/murter-online.com\/hr\/proizvod\/apartman-podraduc-murter-a41-id-319\/","title":{"rendered":"Apartman sa pogledom na more Podradu\u010d Murter A4+1 ID 319"},"content":{"rendered":"","protected":false},"excerpt":{"rendered":"<p>Apartman sa prekrasnim pogledom na more smje\u0161ten je u atraktivnom dijelu Murtera, u ulici Podradu\u010d na mirnom i tihom mjestu. Apartman ima 2 spava\u0107e sobe u kojima mogu spavati 4 odrasle osobe, apartman ima i dnevni boravak sa pomo\u0107nim le\u017eajem koji se mo\u017ee koristiti za spavanje. U kuhinji postoji pe\u0107nica, kuhalo za vodu, zamrziva\u010d, ostatak kuhinje je potpuno opremljen. Apartman ima prekrasnu terasu sa pogledom na more i kornatske otoke. Apartman ima klimu, besplatan Wi Fi i SAT TV. Ispred apartmana postoji besplatan parking za goste. U dvori\u0161tu apartmana postoji ro\u0161tilj koji se mo\u017ee besplatno koristiti. Ispod apartmana (70 metara )nalazi se prekrasna, \u010dista stjenovita pla\u017ea.<\/p>\n","protected":false},"featured_media":44040,"template":"","meta":{"_acf_changed":false},"product_brand":[],"product_cat":[129,133,135],"product_tag":[],"class_list":{"0":"post-53069","1":"product","2":"type-product","3":"status-publish","4":"has-post-thumbnail","6":"product_cat-apartmani","7":"product_cat-apartmani-s-pogledom-na-more","8":"product_cat-obiteljski-apartmani","10":"first","11":"instock","12":"sold-individually","13":"shipping-taxable","14":"purchasable","15":"product-type-phive_booking"},"acf":[],"_links":{"self":[{"href":"https:\/\/murter-online.com\/hr\/wp-json\/wp\/v2\/product\/53069","targetHints":{"allow":["GET"]}}],"collection":[{"href":"https:\/\/murter-online.com\/hr\/wp-json\/wp\/v2\/product"}],"about":[{"href":"https:\/\/murter-online.com\/hr\/wp-json\/wp\/v2\/types\/product"}],"wp:featuredmedia":[{"embeddable":true,"href":"https:\/\/murter-online.com\/hr\/wp-json\/wp\/v2\/media\/44040"}],"wp:attachment":[{"href":"https:\/\/murter-online.com\/hr\/wp-json\/wp\/v2\/media?parent=53069"}],"wp:term":[{"taxonomy":"product_brand","embeddable":true,"href":"https:\/\/murter-online.com\/hr\/wp-json\/wp\/v2\/product_brand?post=53069"},{"taxonomy":"product_cat","embeddable":true,"href":"https:\/\/murter-online.com\/hr\/wp-json\/wp\/v2\/product_cat?post=53069"},{"taxonomy":"product_tag","embeddable":true,"href":"https:\/\/murter-online.com\/hr\/wp-json\/wp\/v2\/product_tag?post=53069"}],"curies":[{"name":"wp","href":"https:\/\/api.w.org\/{rel}","templated":true}]}}