{"id":53076,"date":"2025-01-11T07:41:18","date_gmt":"2025-01-11T07:41:18","guid":{"rendered":"https:\/\/murter.riot.hr\/?post_type=product&#038;p=53076"},"modified":"2025-04-17T09:01:47","modified_gmt":"2025-04-17T08:01:47","slug":"apartman-podraduc-seaside-dream-a42-id-79","status":"publish","type":"product","link":"https:\/\/murter-online.com\/hr\/proizvod\/apartman-podraduc-seaside-dream-a42-id-79\/","title":{"rendered":"Apartman sa pogledom na more Podradu\u010d Seaside Dream Murter A4+2 ID 79"},"content":{"rendered":"","protected":false},"excerpt":{"rendered":"<p>Apartman Podradu\u010d Seaside Dream A4+2 ID 79 nalazi se u blizini pla\u017ea Slanica i \u010cigra\u0111a. Gostima su na raspolaganju smje\u0161taj s besplatnim be\u017ei\u010dnim pristupom internetu (WiFi) i besplatno privatno parkirali\u0161te. Apartman uklju\u010duje klima-ure\u0111aj, TV ravnog ekrana sa satelitskim programima i vlastitu kupaonicu sa su\u0161ilom za kosu. Tako\u0111er sadr\u017ei potpuno opremljenu kuhinju s mikrovalnom pe\u0107nicom, hladnjakom, plo\u010dom za kuhanje, elektri\u010dnim kuhalom za vodu, aparatom za pripremu kave i blagovaonicom.<\/p>\n","protected":false},"featured_media":44108,"template":"","meta":{"_acf_changed":false},"product_brand":[],"product_cat":[129,133,135],"product_tag":[],"class_list":{"0":"post-53076","1":"product","2":"type-product","3":"status-publish","4":"has-post-thumbnail","6":"product_cat-apartmani","7":"product_cat-apartmani-s-pogledom-na-more","8":"product_cat-obiteljski-apartmani","10":"first","11":"instock","12":"sold-individually","13":"shipping-taxable","14":"purchasable","15":"product-type-phive_booking"},"acf":[],"_links":{"self":[{"href":"https:\/\/murter-online.com\/hr\/wp-json\/wp\/v2\/product\/53076","targetHints":{"allow":["GET"]}}],"collection":[{"href":"https:\/\/murter-online.com\/hr\/wp-json\/wp\/v2\/product"}],"about":[{"href":"https:\/\/murter-online.com\/hr\/wp-json\/wp\/v2\/types\/product"}],"wp:featuredmedia":[{"embeddable":true,"href":"https:\/\/murter-online.com\/hr\/wp-json\/wp\/v2\/media\/44108"}],"wp:attachment":[{"href":"https:\/\/murter-online.com\/hr\/wp-json\/wp\/v2\/media?parent=53076"}],"wp:term":[{"taxonomy":"product_brand","embeddable":true,"href":"https:\/\/murter-online.com\/hr\/wp-json\/wp\/v2\/product_brand?post=53076"},{"taxonomy":"product_cat","embeddable":true,"href":"https:\/\/murter-online.com\/hr\/wp-json\/wp\/v2\/product_cat?post=53076"},{"taxonomy":"product_tag","embeddable":true,"href":"https:\/\/murter-online.com\/hr\/wp-json\/wp\/v2\/product_tag?post=53076"}],"curies":[{"name":"wp","href":"https:\/\/api.w.org\/{rel}","templated":true}]}}