{"id":53092,"date":"2025-01-11T09:04:09","date_gmt":"2025-01-11T09:04:09","guid":{"rendered":"https:\/\/murter.riot.hr\/?post_type=product&#038;p=53092"},"modified":"2025-04-17T11:11:40","modified_gmt":"2025-04-17T10:11:40","slug":"apartman-put-slanice-seawiev-42-id-94","status":"publish","type":"product","link":"https:\/\/murter-online.com\/hr\/proizvod\/apartman-put-slanice-seawiev-42-id-94\/","title":{"rendered":"Apartman sa pogledom na more Put Slanice 4+2 ID 94"},"content":{"rendered":"","protected":false},"excerpt":{"rendered":"<p>Apartman sa prekrasnim pogledom na more se nalazi na izvrsnoj lokaciji samo 250 metara udaljen od mora. Apartman ima povr\u0161inu od 65 m2. Ima dvije spava\u0107e sobe u kojima mogu spavati 4 odrasle osobe. Ima dnevni boravak, koji se mo\u017ee koristiti za spavanje &#8211; Ima pomo\u0107ni le\u017eaj za dvije osobe. Ima kupaonicu sa tu\u0161-kadom. Povr\u0161ina Balkon\/terase je 10 m2. Apartman se nalazi na 1. katu ku\u0107e. Apartman je opremljen sa tv-om, klimom, pe\u0107nicom, besplatnim wifi internet priklju\u010dkom. Parking je osiguran i uklju\u010den u cijenu. Apartman je oko 800 m. udaljen od centra mjesta a 250 m. od mora ili prve pla\u017ee u mjestu Murter. Ku\u0107ni ljubimci nisu dozvoljeni.Cijena se odnosi na 4 osobe, ako je u apartmanu 5 osoba cijena se uve\u0107ava za 10 eura po danu.<\/p>\n","protected":false},"featured_media":44441,"template":"","meta":{"_acf_changed":false},"product_brand":[],"product_cat":[129,133,135],"product_tag":[],"class_list":{"0":"post-53092","1":"product","2":"type-product","3":"status-publish","4":"has-post-thumbnail","6":"product_cat-apartmani","7":"product_cat-apartmani-s-pogledom-na-more","8":"product_cat-obiteljski-apartmani","10":"first","11":"instock","12":"sold-individually","13":"shipping-taxable","14":"purchasable","15":"product-type-phive_booking"},"acf":[],"_links":{"self":[{"href":"https:\/\/murter-online.com\/hr\/wp-json\/wp\/v2\/product\/53092","targetHints":{"allow":["GET"]}}],"collection":[{"href":"https:\/\/murter-online.com\/hr\/wp-json\/wp\/v2\/product"}],"about":[{"href":"https:\/\/murter-online.com\/hr\/wp-json\/wp\/v2\/types\/product"}],"wp:featuredmedia":[{"embeddable":true,"href":"https:\/\/murter-online.com\/hr\/wp-json\/wp\/v2\/media\/44441"}],"wp:attachment":[{"href":"https:\/\/murter-online.com\/hr\/wp-json\/wp\/v2\/media?parent=53092"}],"wp:term":[{"taxonomy":"product_brand","embeddable":true,"href":"https:\/\/murter-online.com\/hr\/wp-json\/wp\/v2\/product_brand?post=53092"},{"taxonomy":"product_cat","embeddable":true,"href":"https:\/\/murter-online.com\/hr\/wp-json\/wp\/v2\/product_cat?post=53092"},{"taxonomy":"product_tag","embeddable":true,"href":"https:\/\/murter-online.com\/hr\/wp-json\/wp\/v2\/product_tag?post=53092"}],"curies":[{"name":"wp","href":"https:\/\/api.w.org\/{rel}","templated":true}]}}