{"id":53108,"date":"2025-01-09T06:46:12","date_gmt":"2025-01-09T06:46:12","guid":{"rendered":"https:\/\/murter.riot.hr\/?post_type=product&#038;p=53108"},"modified":"2025-04-18T08:41:18","modified_gmt":"2025-04-18T07:41:18","slug":"apartman-plaza-slanica-a4-id-217","status":"publish","type":"product","link":"https:\/\/murter-online.com\/hr\/proizvod\/apartman-plaza-slanica-a4-id-217\/","title":{"rendered":"Apartman sa pogledom na more Slanica Family Place A4 ID 217"},"content":{"rendered":"","protected":false},"excerpt":{"rendered":"<p>Obiteljski apartman na izvrsnoj poziciji, samo 250 metara od pje\u0161\u010dane pla\u017ee Slanica!Apartman se nalazi na prvom katu ku\u0107e, potpuno je opremljen.Apartman ima dvije spava\u0107e sobe u kojima mogu spavati 4 osobe, nema pomo\u010dnih kreveta u dnevnom boravku.U apartmanu se nalazi klima, besplatan WiFi, pe\u0107nica, hladnjak. Apartman nema pogled na more .Ima terasu sa pogledom na vrt.Parking je osiguran i uklju\u010den u cijenu.<\/p>\n","protected":false},"featured_media":37814,"template":"","meta":{"_acf_changed":false},"product_brand":[],"product_cat":[129,133,135],"product_tag":[],"class_list":{"0":"post-53108","1":"product","2":"type-product","3":"status-publish","4":"has-post-thumbnail","6":"product_cat-apartmani","7":"product_cat-apartmani-s-pogledom-na-more","8":"product_cat-obiteljski-apartmani","10":"first","11":"instock","12":"sold-individually","13":"shipping-taxable","14":"purchasable","15":"product-type-phive_booking"},"acf":[],"_links":{"self":[{"href":"https:\/\/murter-online.com\/hr\/wp-json\/wp\/v2\/product\/53108","targetHints":{"allow":["GET"]}}],"collection":[{"href":"https:\/\/murter-online.com\/hr\/wp-json\/wp\/v2\/product"}],"about":[{"href":"https:\/\/murter-online.com\/hr\/wp-json\/wp\/v2\/types\/product"}],"wp:featuredmedia":[{"embeddable":true,"href":"https:\/\/murter-online.com\/hr\/wp-json\/wp\/v2\/media\/37814"}],"wp:attachment":[{"href":"https:\/\/murter-online.com\/hr\/wp-json\/wp\/v2\/media?parent=53108"}],"wp:term":[{"taxonomy":"product_brand","embeddable":true,"href":"https:\/\/murter-online.com\/hr\/wp-json\/wp\/v2\/product_brand?post=53108"},{"taxonomy":"product_cat","embeddable":true,"href":"https:\/\/murter-online.com\/hr\/wp-json\/wp\/v2\/product_cat?post=53108"},{"taxonomy":"product_tag","embeddable":true,"href":"https:\/\/murter-online.com\/hr\/wp-json\/wp\/v2\/product_tag?post=53108"}],"curies":[{"name":"wp","href":"https:\/\/api.w.org\/{rel}","templated":true}]}}