{"id":53118,"date":"2025-01-09T07:24:33","date_gmt":"2025-01-09T07:24:33","guid":{"rendered":"https:\/\/murter.riot.hr\/?post_type=product&#038;p=53118"},"modified":"2025-04-18T08:57:17","modified_gmt":"2025-04-18T07:57:17","slug":"apartman-slanica-green-garden-a41","status":"publish","type":"product","link":"https:\/\/murter-online.com\/hr\/proizvod\/apartman-slanica-green-garden-a41\/","title":{"rendered":"Obiteljski apartman blizu pla\u017ee Slanica Green Garden Murter A4+1"},"content":{"rendered":"","protected":false},"excerpt":{"rendered":"<p>Apartman u blizini pla\u017ee Slanica, samo 250 metara udaljen od pla\u017ee! Apartman ima dvije spava\u0107e sobe u kojima mogu spavati dvije 4 odrasle osobe. Ima kau\u010d u dnevnom boravku koji se mo\u017ee koristiti za spavanje. Na pomo\u0107nom le\u017eaju mogu spavati dvoje manje djece ili jedna odrasla osoba. Apartman ima kuhinju koja je potpuno opremljena, SAT TV, klimu i dva balkona. Parking je osiguran ispred apartmana u dvori\u0161tu.Ispred apartmana u dvori\u0161tu postoji ro\u0161tilj koji se mo\u017ee koristiti.<\/p>\n","protected":false},"featured_media":38030,"template":"","meta":{"_acf_changed":false},"product_brand":[],"product_cat":[129,133,135],"product_tag":[],"class_list":{"0":"post-53118","1":"product","2":"type-product","3":"status-publish","4":"has-post-thumbnail","6":"product_cat-apartmani","7":"product_cat-apartmani-s-pogledom-na-more","8":"product_cat-obiteljski-apartmani","10":"first","11":"instock","12":"sold-individually","13":"shipping-taxable","14":"purchasable","15":"product-type-phive_booking"},"acf":[],"_links":{"self":[{"href":"https:\/\/murter-online.com\/hr\/wp-json\/wp\/v2\/product\/53118","targetHints":{"allow":["GET"]}}],"collection":[{"href":"https:\/\/murter-online.com\/hr\/wp-json\/wp\/v2\/product"}],"about":[{"href":"https:\/\/murter-online.com\/hr\/wp-json\/wp\/v2\/types\/product"}],"wp:featuredmedia":[{"embeddable":true,"href":"https:\/\/murter-online.com\/hr\/wp-json\/wp\/v2\/media\/38030"}],"wp:attachment":[{"href":"https:\/\/murter-online.com\/hr\/wp-json\/wp\/v2\/media?parent=53118"}],"wp:term":[{"taxonomy":"product_brand","embeddable":true,"href":"https:\/\/murter-online.com\/hr\/wp-json\/wp\/v2\/product_brand?post=53118"},{"taxonomy":"product_cat","embeddable":true,"href":"https:\/\/murter-online.com\/hr\/wp-json\/wp\/v2\/product_cat?post=53118"},{"taxonomy":"product_tag","embeddable":true,"href":"https:\/\/murter-online.com\/hr\/wp-json\/wp\/v2\/product_tag?post=53118"}],"curies":[{"name":"wp","href":"https:\/\/api.w.org\/{rel}","templated":true}]}}