{"id":53127,"date":"2025-01-09T07:54:30","date_gmt":"2025-01-09T07:54:30","guid":{"rendered":"https:\/\/murter.riot.hr\/?post_type=product&#038;p=53127"},"modified":"2025-04-19T06:52:24","modified_gmt":"2025-04-19T05:52:24","slug":"apartman-slanica-new-sea-view-a51-id-171","status":"publish","type":"product","link":"https:\/\/murter-online.com\/hr\/proizvod\/apartman-slanica-new-sea-view-a51-id-171\/","title":{"rendered":"Apartman sa pogledom na more Slanica New Murter A5+1 ID 171"},"content":{"rendered":"","protected":false},"excerpt":{"rendered":"<p>Apartman ima povr\u0161inu od 70 m\u00b2.Apartman ima dvije spava\u0107e sobe u kojima mo\u017ee spavati 5 osoba.Parking u dvori\u0161tu ispred apartmana je besplatan, besplatan WiFi. Ima kupaonicu sa tu\u0161 kadom. Apartman se nalazi na prvom katu ku\u0107e. Ima privatni ulaz, stol za gla\u010danje i gla\u010dalo. Kuhinja je potpuno opremljena.<\/p>\n","protected":false},"featured_media":38246,"template":"","meta":{"_acf_changed":false},"product_brand":[],"product_cat":[129,133,135],"product_tag":[],"class_list":{"0":"post-53127","1":"product","2":"type-product","3":"status-publish","4":"has-post-thumbnail","6":"product_cat-apartmani","7":"product_cat-apartmani-s-pogledom-na-more","8":"product_cat-obiteljski-apartmani","10":"first","11":"instock","12":"sold-individually","13":"shipping-taxable","14":"purchasable","15":"product-type-phive_booking"},"acf":[],"_links":{"self":[{"href":"https:\/\/murter-online.com\/hr\/wp-json\/wp\/v2\/product\/53127","targetHints":{"allow":["GET"]}}],"collection":[{"href":"https:\/\/murter-online.com\/hr\/wp-json\/wp\/v2\/product"}],"about":[{"href":"https:\/\/murter-online.com\/hr\/wp-json\/wp\/v2\/types\/product"}],"wp:featuredmedia":[{"embeddable":true,"href":"https:\/\/murter-online.com\/hr\/wp-json\/wp\/v2\/media\/38246"}],"wp:attachment":[{"href":"https:\/\/murter-online.com\/hr\/wp-json\/wp\/v2\/media?parent=53127"}],"wp:term":[{"taxonomy":"product_brand","embeddable":true,"href":"https:\/\/murter-online.com\/hr\/wp-json\/wp\/v2\/product_brand?post=53127"},{"taxonomy":"product_cat","embeddable":true,"href":"https:\/\/murter-online.com\/hr\/wp-json\/wp\/v2\/product_cat?post=53127"},{"taxonomy":"product_tag","embeddable":true,"href":"https:\/\/murter-online.com\/hr\/wp-json\/wp\/v2\/product_tag?post=53127"}],"curies":[{"name":"wp","href":"https:\/\/api.w.org\/{rel}","templated":true}]}}