{"id":53137,"date":"2025-01-09T08:50:08","date_gmt":"2025-01-09T08:50:08","guid":{"rendered":"https:\/\/murter.riot.hr\/?post_type=product&#038;p=53137"},"modified":"2025-04-18T09:13:11","modified_gmt":"2025-04-18T08:13:11","slug":"apartman-summer-holidays-in-murter-41-id-222","status":"publish","type":"product","link":"https:\/\/murter-online.com\/hr\/proizvod\/apartman-summer-holidays-in-murter-41-id-222\/","title":{"rendered":"Apartman sa pogledom na more Summer Holidays Murter 4+1 ID 222"},"content":{"rendered":"","protected":false},"excerpt":{"rendered":"<p>Apartman sa panoramskim pogledom na more u Murteru. Apartman ima dvije spava\u0107e sobe u kojima mogu spavati 4 odrasle osobe, ima dnevni boravak sa kau\u010dem na razvla\u010denje koji se mo\u017ee koristiti za spavanje. Kuhinja je potpuno opremljena. Za goste apartmana osiguran je besplatan parking u dvori\u0161tu. Postoji vanjski ro\u0161tilj koji se mo\u017ee koristiti. Apartman se nalazi na odli\u010dnoj poziciji. Gradska pla\u017ea Luke, pje\u0161\u010dana pla\u017ea Slanica i centar mjesta nalaze se na pje\u0161a\u010dkoj udaljenosti.Cijenik vrijedi za 4 osobe.<\/p>\n","protected":false},"featured_media":38366,"template":"","meta":{"_acf_changed":false},"product_brand":[],"product_cat":[129,133,135],"product_tag":[],"class_list":{"0":"post-53137","1":"product","2":"type-product","3":"status-publish","4":"has-post-thumbnail","6":"product_cat-apartmani","7":"product_cat-apartmani-s-pogledom-na-more","8":"product_cat-obiteljski-apartmani","10":"first","11":"instock","12":"sold-individually","13":"shipping-taxable","14":"purchasable","15":"product-type-phive_booking"},"acf":[],"_links":{"self":[{"href":"https:\/\/murter-online.com\/hr\/wp-json\/wp\/v2\/product\/53137","targetHints":{"allow":["GET"]}}],"collection":[{"href":"https:\/\/murter-online.com\/hr\/wp-json\/wp\/v2\/product"}],"about":[{"href":"https:\/\/murter-online.com\/hr\/wp-json\/wp\/v2\/types\/product"}],"wp:featuredmedia":[{"embeddable":true,"href":"https:\/\/murter-online.com\/hr\/wp-json\/wp\/v2\/media\/38366"}],"wp:attachment":[{"href":"https:\/\/murter-online.com\/hr\/wp-json\/wp\/v2\/media?parent=53137"}],"wp:term":[{"taxonomy":"product_brand","embeddable":true,"href":"https:\/\/murter-online.com\/hr\/wp-json\/wp\/v2\/product_brand?post=53137"},{"taxonomy":"product_cat","embeddable":true,"href":"https:\/\/murter-online.com\/hr\/wp-json\/wp\/v2\/product_cat?post=53137"},{"taxonomy":"product_tag","embeddable":true,"href":"https:\/\/murter-online.com\/hr\/wp-json\/wp\/v2\/product_tag?post=53137"}],"curies":[{"name":"wp","href":"https:\/\/api.w.org\/{rel}","templated":true}]}}