{"id":53145,"date":"2025-01-09T09:28:35","date_gmt":"2025-01-09T09:28:35","guid":{"rendered":"https:\/\/murter.riot.hr\/?post_type=product&#038;p=53145"},"modified":"2025-04-18T09:39:59","modified_gmt":"2025-04-18T08:39:59","slug":"apartman-tessitura-murter-a41-id-298","status":"publish","type":"product","link":"https:\/\/murter-online.com\/hr\/proizvod\/apartman-tessitura-murter-a41-id-298\/","title":{"rendered":"Apartman sa pogledom na more Tessitura Murter A4+1 ID 298"},"content":{"rendered":"","protected":false},"excerpt":{"rendered":"<p>Prekrasan apartman sa dvije spava\u0107e sobe smje\u0161ten je na mirnoj lokaciji u Murteru. Apartman ima dvije spava\u0107e sobe u kojima mogu spavati 4 odrasle osobe. Apartman ima dnevni boravak u kojem se nalazi pomo\u0107ni le\u017eaj koji se mo\u017ee koristiti za spavanje. U apartmanu mo\u017ee boraviti ukupno 5 osoba. Apartman ima kuhinju koja je potpuno opremljena.U kuhinji se nalazi pe\u0107nica, zamrziva\u010d, toster, cafe aparat, kuhalo za vodu, mikrovalna,ma\u0161ina za pranje posu\u0111a. U kupaonici se nalazi ma\u0161ina za pranje rublja. Sa terase imate prekrasan pogled na more, Kornate i zaljev \u010cigra\u0111a. Najbli\u017ea pla\u017ea je \u010cigra\u0111a , koja je od apartmana udaljena 7-10 minuta laganog hoda.Pogodna je za djecu i odrasle.<\/p>\n","protected":false},"featured_media":38462,"template":"","meta":{"_acf_changed":false},"product_brand":[],"product_cat":[129,133,135],"product_tag":[],"class_list":{"0":"post-53145","1":"product","2":"type-product","3":"status-publish","4":"has-post-thumbnail","6":"product_cat-apartmani","7":"product_cat-apartmani-s-pogledom-na-more","8":"product_cat-obiteljski-apartmani","10":"first","11":"instock","12":"sold-individually","13":"shipping-taxable","14":"purchasable","15":"product-type-phive_booking"},"acf":[],"_links":{"self":[{"href":"https:\/\/murter-online.com\/hr\/wp-json\/wp\/v2\/product\/53145","targetHints":{"allow":["GET"]}}],"collection":[{"href":"https:\/\/murter-online.com\/hr\/wp-json\/wp\/v2\/product"}],"about":[{"href":"https:\/\/murter-online.com\/hr\/wp-json\/wp\/v2\/types\/product"}],"wp:featuredmedia":[{"embeddable":true,"href":"https:\/\/murter-online.com\/hr\/wp-json\/wp\/v2\/media\/38462"}],"wp:attachment":[{"href":"https:\/\/murter-online.com\/hr\/wp-json\/wp\/v2\/media?parent=53145"}],"wp:term":[{"taxonomy":"product_brand","embeddable":true,"href":"https:\/\/murter-online.com\/hr\/wp-json\/wp\/v2\/product_brand?post=53145"},{"taxonomy":"product_cat","embeddable":true,"href":"https:\/\/murter-online.com\/hr\/wp-json\/wp\/v2\/product_cat?post=53145"},{"taxonomy":"product_tag","embeddable":true,"href":"https:\/\/murter-online.com\/hr\/wp-json\/wp\/v2\/product_tag?post=53145"}],"curies":[{"name":"wp","href":"https:\/\/api.w.org\/{rel}","templated":true}]}}