{"id":53174,"date":"2025-01-09T10:39:28","date_gmt":"2025-01-09T10:39:28","guid":{"rendered":"https:\/\/murter.riot.hr\/?post_type=product&#038;p=53174"},"modified":"2025-02-02T16:13:36","modified_gmt":"2025-02-02T16:13:36","slug":"apartman-vlado-murter-slanica-a4-id-28","status":"publish","type":"product","link":"https:\/\/murter-online.com\/hr\/proizvod\/apartman-vlado-murter-slanica-a4-id-28\/","title":{"rendered":"Apartman Vlado Murter Slanica A4 ID 28"},"content":{"rendered":"","protected":false},"excerpt":{"rendered":"<p>32 m\u00b2 balkon klima-ure\u0111aj poplo\u010dani dio dvori\u0161ta vlastita kupaonica Besplatan WiFi Besplatno parkirali\u0161te Veli\u010dina apartmana: 32 m\u00b2 U va\u0161oj vlastitoj kupaonici: besplatan toaletni pribor WC kada ili tu\u0161 kabina ru\u010dnici toaletni papir Sadr\u017eaji apartmana: \u200bposteljina garderoba ili ormar klima-ure\u0111aj poplo\u010dani \/ mramorni pod privatni ulaz ventilator kuhinja hladnjak kuhinjski pribor kuhalo za vodu plo\u010de za kuhanje blagovaonica TV balkon terasa poplo\u010dani dio dvori\u0161ta ro\u0161tilj uti\u010dnica pokraj kreveta Parkirali\u0161te: \u200bBesplatno privatno parkirali\u0161te dostupno je u okviru objekta i nije potrebna rezervacija.<\/p>\n","protected":false},"featured_media":38946,"template":"","meta":{"_acf_changed":false},"product_brand":[],"product_cat":[129,135],"product_tag":[],"class_list":{"0":"post-53174","1":"product","2":"type-product","3":"status-publish","4":"has-post-thumbnail","6":"product_cat-apartmani","7":"product_cat-obiteljski-apartmani","9":"first","10":"instock","11":"sold-individually","12":"shipping-taxable","13":"purchasable","14":"product-type-phive_booking"},"acf":[],"_links":{"self":[{"href":"https:\/\/murter-online.com\/hr\/wp-json\/wp\/v2\/product\/53174","targetHints":{"allow":["GET"]}}],"collection":[{"href":"https:\/\/murter-online.com\/hr\/wp-json\/wp\/v2\/product"}],"about":[{"href":"https:\/\/murter-online.com\/hr\/wp-json\/wp\/v2\/types\/product"}],"wp:featuredmedia":[{"embeddable":true,"href":"https:\/\/murter-online.com\/hr\/wp-json\/wp\/v2\/media\/38946"}],"wp:attachment":[{"href":"https:\/\/murter-online.com\/hr\/wp-json\/wp\/v2\/media?parent=53174"}],"wp:term":[{"taxonomy":"product_brand","embeddable":true,"href":"https:\/\/murter-online.com\/hr\/wp-json\/wp\/v2\/product_brand?post=53174"},{"taxonomy":"product_cat","embeddable":true,"href":"https:\/\/murter-online.com\/hr\/wp-json\/wp\/v2\/product_cat?post=53174"},{"taxonomy":"product_tag","embeddable":true,"href":"https:\/\/murter-online.com\/hr\/wp-json\/wp\/v2\/product_tag?post=53174"}],"curies":[{"name":"wp","href":"https:\/\/api.w.org\/{rel}","templated":true}]}}