{"id":53189,"date":"2025-01-09T12:22:28","date_gmt":"2025-01-09T12:22:28","guid":{"rendered":"https:\/\/murter.riot.hr\/?post_type=product&#038;p=53189"},"modified":"2025-04-19T07:25:19","modified_gmt":"2025-04-19T06:25:19","slug":"apartman-sa-vezom-za-brod-murter-jersani-a41-id-217","status":"publish","type":"product","link":"https:\/\/murter-online.com\/hr\/proizvod\/apartman-sa-vezom-za-brod-murter-jersani-a41-id-217\/","title":{"rendered":"Apartman sa vezom za brod Jersani Podvr\u0161ke Murter A4+1 ID 217"},"content":{"rendered":"","protected":false},"excerpt":{"rendered":"<p>Apartman za max. 5 osoba na odli\u010dnoj poziciji u Murteru. Apartman se nalazi 150 metara od mora i 350 metara od pje\u0161\u010dane pla\u017ee Podvr\u0161ke. Vez za brod uklju\u010den je u cijenu apartmana. Apartman se nalazi na prvom katu i ima pogled na more. Kuhinja je potpuno opremljena. Za goste apartmana osiguran je besplatan parking. Postoji vanjski ro\u0161tilj koji se mo\u017ee koristiti.<\/p>\n","protected":false},"featured_media":39234,"template":"","meta":{"_acf_changed":false},"product_brand":[],"product_cat":[129,133,136,135],"product_tag":[],"class_list":{"0":"post-53189","1":"product","2":"type-product","3":"status-publish","4":"has-post-thumbnail","6":"product_cat-apartmani","7":"product_cat-apartmani-s-pogledom-na-more","8":"product_cat-apartmani-s-vezom-za-brod","9":"product_cat-obiteljski-apartmani","11":"first","12":"instock","13":"sold-individually","14":"shipping-taxable","15":"purchasable","16":"product-type-phive_booking"},"acf":[],"_links":{"self":[{"href":"https:\/\/murter-online.com\/hr\/wp-json\/wp\/v2\/product\/53189","targetHints":{"allow":["GET"]}}],"collection":[{"href":"https:\/\/murter-online.com\/hr\/wp-json\/wp\/v2\/product"}],"about":[{"href":"https:\/\/murter-online.com\/hr\/wp-json\/wp\/v2\/types\/product"}],"wp:featuredmedia":[{"embeddable":true,"href":"https:\/\/murter-online.com\/hr\/wp-json\/wp\/v2\/media\/39234"}],"wp:attachment":[{"href":"https:\/\/murter-online.com\/hr\/wp-json\/wp\/v2\/media?parent=53189"}],"wp:term":[{"taxonomy":"product_brand","embeddable":true,"href":"https:\/\/murter-online.com\/hr\/wp-json\/wp\/v2\/product_brand?post=53189"},{"taxonomy":"product_cat","embeddable":true,"href":"https:\/\/murter-online.com\/hr\/wp-json\/wp\/v2\/product_cat?post=53189"},{"taxonomy":"product_tag","embeddable":true,"href":"https:\/\/murter-online.com\/hr\/wp-json\/wp\/v2\/product_tag?post=53189"}],"curies":[{"name":"wp","href":"https:\/\/api.w.org\/{rel}","templated":true}]}}