{"id":53195,"date":"2025-01-09T12:44:27","date_gmt":"2025-01-09T12:44:27","guid":{"rendered":"https:\/\/murter.riot.hr\/?post_type=product&#038;p=53195"},"modified":"2025-02-02T17:10:43","modified_gmt":"2025-02-02T17:10:43","slug":"apartman-sa-vezom-za-brod-murter-podvrske-a41-id-218","status":"publish","type":"product","link":"https:\/\/murter-online.com\/hr\/proizvod\/apartman-sa-vezom-za-brod-murter-podvrske-a41-id-218\/","title":{"rendered":"Apartman sa vezom za brod Murter Podvr\u0161ke A4+1 ID 218"},"content":{"rendered":"","protected":false},"excerpt":{"rendered":"<div align=\"center\">\n<div class=\"max_width\" align=\"left\">\n<div>\n<div><\/div>\n<div>Apartman za max. 5 osoba na odli\u010dnoj poziciji u Murteru. Apartman se nalazi 150 metara od mora i 350 metara od pje\u0161\u010dane pla\u017ee Podvr\u0161ke. Vez za brod uklju\u010den je u cijenu apartmana. Apartman se nalazi na prvom katu i ima pogled na vrt. Kuhinja je potpuno opremljena. Za goste apartmana osiguran je besplatan parking. Postoji vanjski ro\u0161tilj koji se mo\u017ee koristiti.<\/div>\n<\/div>\n<\/div>\n<\/div>\n<div align=\"center\"><\/div>\n","protected":false},"featured_media":39358,"template":"","meta":{"_acf_changed":false},"product_brand":[],"product_cat":[129,136,135],"product_tag":[],"class_list":{"0":"post-53195","1":"product","2":"type-product","3":"status-publish","4":"has-post-thumbnail","6":"product_cat-apartmani","7":"product_cat-apartmani-s-vezom-za-brod","8":"product_cat-obiteljski-apartmani","10":"first","11":"instock","12":"sold-individually","13":"shipping-taxable","14":"purchasable","15":"product-type-phive_booking"},"acf":[],"_links":{"self":[{"href":"https:\/\/murter-online.com\/hr\/wp-json\/wp\/v2\/product\/53195","targetHints":{"allow":["GET"]}}],"collection":[{"href":"https:\/\/murter-online.com\/hr\/wp-json\/wp\/v2\/product"}],"about":[{"href":"https:\/\/murter-online.com\/hr\/wp-json\/wp\/v2\/types\/product"}],"wp:featuredmedia":[{"embeddable":true,"href":"https:\/\/murter-online.com\/hr\/wp-json\/wp\/v2\/media\/39358"}],"wp:attachment":[{"href":"https:\/\/murter-online.com\/hr\/wp-json\/wp\/v2\/media?parent=53195"}],"wp:term":[{"taxonomy":"product_brand","embeddable":true,"href":"https:\/\/murter-online.com\/hr\/wp-json\/wp\/v2\/product_brand?post=53195"},{"taxonomy":"product_cat","embeddable":true,"href":"https:\/\/murter-online.com\/hr\/wp-json\/wp\/v2\/product_cat?post=53195"},{"taxonomy":"product_tag","embeddable":true,"href":"https:\/\/murter-online.com\/hr\/wp-json\/wp\/v2\/product_tag?post=53195"}],"curies":[{"name":"wp","href":"https:\/\/api.w.org\/{rel}","templated":true}]}}