{"id":53206,"date":"2025-01-09T14:16:25","date_gmt":"2025-01-09T14:16:25","guid":{"rendered":"https:\/\/murter.riot.hr\/?post_type=product&#038;p=53206"},"modified":"2025-02-02T19:01:01","modified_gmt":"2025-02-02T19:01:01","slug":"apartman-sa-bazenom-u-murteru-a42-id-285","status":"publish","type":"product","link":"https:\/\/murter-online.com\/hr\/proizvod\/apartman-sa-bazenom-u-murteru-a42-id-285\/","title":{"rendered":"Apartman sa bazenom u Murteru A4+2 ID 285"},"content":{"rendered":"","protected":false},"excerpt":{"rendered":"<p>Apartman za ukupno 6 odraslih osoba smje\u0161ten je u prizemlju ku\u0107e. Apartman ima dvije spava\u0107e sobe u kojima mogu spavati 4 odrasle osobe, u dnevnom boravku nalazi se pomo\u0107ni le\u017eaj (kau\u010d) koji se mo\u017ee koristiti za spavanje. Apartan ima izlaz u privatno dvori\u0161te sa bazenom. Ispred apartmana nalazi se vanjski tu\u0161 i grill. Parking za automobil nalazi se ispred ku\u0107e. Apartman ima Wi-Fi i 65&#8242; LCD TV + PS4. LCD TV nalazi se u spava\u0107im sobama. U kuhinji se nalazi Nespresso aparat za kavu, toster, mikrovalna, kuhalo za vodu, perilica posu\u0111a. Apartman ima perilicu rublja. Dje\u010dji kreveti\u0107 i hranilicu mogu\u0107e je dobiti na zahtjev. Tro\u0161ak \u010di\u0161\u0107enja iznosi 60 \u20ac te nije uklju\u010den u cijenu. Boravi\u0161na taksa iznosi 1,50 \u20ac te nije uklju\u010dena u cijenu. Djeca do 12 godina su oslobo\u0111ena pla\u0107anja boravi\u0161ne takse dok djeca od 12-18 godina pla\u0107aju 50% cijene.<\/p>\n","protected":false},"featured_media":39586,"template":"","meta":{"_acf_changed":false},"product_brand":[],"product_cat":[134],"product_tag":[],"class_list":{"0":"post-53206","1":"product","2":"type-product","3":"status-publish","4":"has-post-thumbnail","6":"product_cat-apartmani-s-bazenom","8":"first","9":"instock","10":"sold-individually","11":"shipping-taxable","12":"purchasable","13":"product-type-phive_booking"},"acf":[],"_links":{"self":[{"href":"https:\/\/murter-online.com\/hr\/wp-json\/wp\/v2\/product\/53206","targetHints":{"allow":["GET"]}}],"collection":[{"href":"https:\/\/murter-online.com\/hr\/wp-json\/wp\/v2\/product"}],"about":[{"href":"https:\/\/murter-online.com\/hr\/wp-json\/wp\/v2\/types\/product"}],"wp:featuredmedia":[{"embeddable":true,"href":"https:\/\/murter-online.com\/hr\/wp-json\/wp\/v2\/media\/39586"}],"wp:attachment":[{"href":"https:\/\/murter-online.com\/hr\/wp-json\/wp\/v2\/media?parent=53206"}],"wp:term":[{"taxonomy":"product_brand","embeddable":true,"href":"https:\/\/murter-online.com\/hr\/wp-json\/wp\/v2\/product_brand?post=53206"},{"taxonomy":"product_cat","embeddable":true,"href":"https:\/\/murter-online.com\/hr\/wp-json\/wp\/v2\/product_cat?post=53206"},{"taxonomy":"product_tag","embeddable":true,"href":"https:\/\/murter-online.com\/hr\/wp-json\/wp\/v2\/product_tag?post=53206"}],"curies":[{"name":"wp","href":"https:\/\/api.w.org\/{rel}","templated":true}]}}