{"id":53211,"date":"2025-01-09T14:28:07","date_gmt":"2025-01-09T14:28:07","guid":{"rendered":"https:\/\/murter.riot.hr\/?post_type=product&#038;p=53211"},"modified":"2025-04-19T08:23:36","modified_gmt":"2025-04-19T07:23:36","slug":"apartman-sa-pogledom-na-more-a41-id-305","status":"publish","type":"product","link":"https:\/\/murter-online.com\/hr\/proizvod\/apartman-sa-pogledom-na-more-a41-id-305\/","title":{"rendered":"Apartman sa pogledom na more Jakov Murter A4+1 ID 305"},"content":{"rendered":"","protected":false},"excerpt":{"rendered":"<p>Novoure\u0111en apartman sa prekrasnim pogledom na more. Apartman je smje\u0161ten na odli\u010dnoj lokaciji, udaljen je samo 300 metara od lokalne pla\u017ee Luke, prvom marketa i igrali\u0161ta za djecu. Od pje\u0161\u010dane pla\u017ee Slanica udaljen je 750 metara. Apartman ima dvije spava\u0107e sobe u kojima mogu spavati 4 odrasle osobe. Svaka spava\u0107a soba te kuhinja i dnevni boravak su klimatizirani. U svakoj spava\u0107oj sobi i dnevnom boravku se nalazi televizor. Kuhinja je potpuno opremljena. Apartman ima WiFi, osiguran besplatan parking u dvori\u0161tu ku\u0107e, ma\u0161inu za pranje posu\u0111a. Ispred ku\u0107e nalazi se ro\u0161tilj koji se mo\u017ee besplatno koristiti.<\/p>\n","protected":false},"featured_media":39794,"template":"","meta":{"_acf_changed":false},"product_brand":[],"product_cat":[129,133,135],"product_tag":[],"class_list":{"0":"post-53211","1":"product","2":"type-product","3":"status-publish","4":"has-post-thumbnail","6":"product_cat-apartmani","7":"product_cat-apartmani-s-pogledom-na-more","8":"product_cat-obiteljski-apartmani","10":"first","11":"instock","12":"sold-individually","13":"shipping-taxable","14":"purchasable","15":"product-type-phive_booking"},"acf":[],"_links":{"self":[{"href":"https:\/\/murter-online.com\/hr\/wp-json\/wp\/v2\/product\/53211","targetHints":{"allow":["GET"]}}],"collection":[{"href":"https:\/\/murter-online.com\/hr\/wp-json\/wp\/v2\/product"}],"about":[{"href":"https:\/\/murter-online.com\/hr\/wp-json\/wp\/v2\/types\/product"}],"wp:featuredmedia":[{"embeddable":true,"href":"https:\/\/murter-online.com\/hr\/wp-json\/wp\/v2\/media\/39794"}],"wp:attachment":[{"href":"https:\/\/murter-online.com\/hr\/wp-json\/wp\/v2\/media?parent=53211"}],"wp:term":[{"taxonomy":"product_brand","embeddable":true,"href":"https:\/\/murter-online.com\/hr\/wp-json\/wp\/v2\/product_brand?post=53211"},{"taxonomy":"product_cat","embeddable":true,"href":"https:\/\/murter-online.com\/hr\/wp-json\/wp\/v2\/product_cat?post=53211"},{"taxonomy":"product_tag","embeddable":true,"href":"https:\/\/murter-online.com\/hr\/wp-json\/wp\/v2\/product_tag?post=53211"}],"curies":[{"name":"wp","href":"https:\/\/api.w.org\/{rel}","templated":true}]}}