{"id":53330,"date":"2025-02-03T06:33:59","date_gmt":"2025-02-03T06:33:59","guid":{"rendered":"https:\/\/murter.riot.hr\/?post_type=product&#038;p=53330"},"modified":"2025-05-01T20:00:55","modified_gmt":"2025-05-01T19:00:55","slug":"apartman-zutska-street-view-41-id-114","status":"publish","type":"product","link":"https:\/\/murter-online.com\/hr\/proizvod\/apartman-zutska-street-view-41-id-114\/","title":{"rendered":"Obiteljski apartman \u017dutska Street View Murter 4+1 ID 114"},"content":{"rendered":"","protected":false},"excerpt":{"rendered":"<p>Apartman se nalazi na izvrsnoj lokaciji samo 250 metara udaljen od mora. Apartman ima povr\u0161inu od 65 m2. Ima dvije spava\u0107e sobe u kojima mogu spavati 5 odraslih osoba. Ima dnevni boravak, koji se mo\u017ee koristiti za spavanje &#8211; Ima kupaonicu sa tu\u0161-kadom. Povr\u0161ina Balkon\/terase je 10 m2. Apartman se nalazi na prvom katu ku\u0107e. Apartman je opremljen sa tv-om, klimom, satelitskim prijemnikom, pe\u0107nicom. Parking je osiguran i uklju\u010den u cijenu. Postoji vanjski ro\u0161tilj koji se mo\u017ee koristiti. Apartman je oko 300 m. udaljen od centra mjesta a 250 m. od mora ili prve pla\u017ee u mjestu Murter. Ku\u0107ni ljubimci nisu dozvoljeni.<\/p>\n","protected":false},"featured_media":53226,"template":"","meta":{"_acf_changed":false},"product_brand":[],"product_cat":[129,135],"product_tag":[],"class_list":{"0":"post-53330","1":"product","2":"type-product","3":"status-publish","4":"has-post-thumbnail","6":"product_cat-apartmani","7":"product_cat-obiteljski-apartmani","9":"first","10":"instock","11":"sold-individually","12":"shipping-taxable","13":"purchasable","14":"product-type-phive_booking"},"acf":[],"_links":{"self":[{"href":"https:\/\/murter-online.com\/hr\/wp-json\/wp\/v2\/product\/53330","targetHints":{"allow":["GET"]}}],"collection":[{"href":"https:\/\/murter-online.com\/hr\/wp-json\/wp\/v2\/product"}],"about":[{"href":"https:\/\/murter-online.com\/hr\/wp-json\/wp\/v2\/types\/product"}],"wp:featuredmedia":[{"embeddable":true,"href":"https:\/\/murter-online.com\/hr\/wp-json\/wp\/v2\/media\/53226"}],"wp:attachment":[{"href":"https:\/\/murter-online.com\/hr\/wp-json\/wp\/v2\/media?parent=53330"}],"wp:term":[{"taxonomy":"product_brand","embeddable":true,"href":"https:\/\/murter-online.com\/hr\/wp-json\/wp\/v2\/product_brand?post=53330"},{"taxonomy":"product_cat","embeddable":true,"href":"https:\/\/murter-online.com\/hr\/wp-json\/wp\/v2\/product_cat?post=53330"},{"taxonomy":"product_tag","embeddable":true,"href":"https:\/\/murter-online.com\/hr\/wp-json\/wp\/v2\/product_tag?post=53330"}],"curies":[{"name":"wp","href":"https:\/\/api.w.org\/{rel}","templated":true}]}}