{"id":53480,"date":"2025-02-03T06:56:18","date_gmt":"2025-02-03T06:56:18","guid":{"rendered":"https:\/\/murter.riot.hr\/?post_type=product&#038;p=53480"},"modified":"2025-04-02T19:19:00","modified_gmt":"2025-04-02T18:19:00","slug":"ribarska-kuca-plaza-podvrske-a2-id-324","status":"publish","type":"product","link":"https:\/\/murter-online.com\/hr\/proizvod\/ribarska-kuca-plaza-podvrske-a2-id-324\/","title":{"rendered":"Robinzonska ku\u0107a uz more Murter Podvr\u0161ke A2 ID 324"},"content":{"rendered":"","protected":false},"excerpt":{"rendered":"<p>Ribarska ku\u0107a pla\u017ea Podvr\u0161ke<\/p>\n","protected":false},"featured_media":53336,"template":"","meta":{"_acf_changed":false},"product_brand":[],"product_cat":[140,137],"product_tag":[],"class_list":{"0":"post-53480","1":"product","2":"type-product","3":"status-publish","4":"has-post-thumbnail","6":"product_cat-ribarske-kuce","7":"product_cat-studio-apartmani","9":"first","10":"instock","11":"sold-individually","12":"shipping-taxable","13":"purchasable","14":"product-type-phive_booking"},"acf":[],"_links":{"self":[{"href":"https:\/\/murter-online.com\/hr\/wp-json\/wp\/v2\/product\/53480","targetHints":{"allow":["GET"]}}],"collection":[{"href":"https:\/\/murter-online.com\/hr\/wp-json\/wp\/v2\/product"}],"about":[{"href":"https:\/\/murter-online.com\/hr\/wp-json\/wp\/v2\/types\/product"}],"wp:featuredmedia":[{"embeddable":true,"href":"https:\/\/murter-online.com\/hr\/wp-json\/wp\/v2\/media\/53336"}],"wp:attachment":[{"href":"https:\/\/murter-online.com\/hr\/wp-json\/wp\/v2\/media?parent=53480"}],"wp:term":[{"taxonomy":"product_brand","embeddable":true,"href":"https:\/\/murter-online.com\/hr\/wp-json\/wp\/v2\/product_brand?post=53480"},{"taxonomy":"product_cat","embeddable":true,"href":"https:\/\/murter-online.com\/hr\/wp-json\/wp\/v2\/product_cat?post=53480"},{"taxonomy":"product_tag","embeddable":true,"href":"https:\/\/murter-online.com\/hr\/wp-json\/wp\/v2\/product_tag?post=53480"}],"curies":[{"name":"wp","href":"https:\/\/api.w.org\/{rel}","templated":true}]}}