{"id":53497,"date":"2025-01-08T17:48:01","date_gmt":"2025-01-08T17:48:01","guid":{"rendered":"https:\/\/murter.riot.hr\/?post_type=product&#038;p=53497"},"modified":"2025-03-29T18:23:05","modified_gmt":"2025-03-29T17:23:05","slug":"obiteljska-kuca-za-odmor-u-murteru-a42-id-272","status":"publish","type":"product","link":"https:\/\/murter-online.com\/hr\/proizvod\/obiteljska-kuca-za-odmor-u-murteru-a42-id-272\/","title":{"rendered":"Ku\u0107a za odmor Murter A4+2 ID 272"},"content":{"rendered":"","protected":false},"excerpt":{"rendered":"<p>Ova slatka obiteljska ku\u0107a za odmor sa dvije spava\u0107e sobe smje\u0161tena je na mirnoj i tihoj lokaciji u mjestu Murter. To je samostalni objekt sa dvije spava\u0107e sobe u kojima mogu spavati 4 odrasle osobe, u dnevnom boravku postoji pomo\u0107ni le\u017eaj (kau\u010d) koji se mo\u017ee koristiti za spavanje. Ku\u0107a je opremljena klimom, WiFi-internetom, TV-om, perilicom za rublje. Kuhinja je potpuno opremljena. Od mjesne pla\u017ee Zdra\u010de u Betini udaljena je max. 7 minuta laganog hoda. Pla\u017ea je pogodna za djecu. Od centra je udaljena 3 minuta laganog hoda. Ku\u0107a ima prekrasnu ogra\u0111enu terasu i ro\u0161tilj koji se mo\u017ee besplatno koristiti. Ima natkriveni parking za automobil koji je uklju\u010den u cijenu apartmana. Pogodna je za obitelji sa djecom.<\/p>\n","protected":false},"featured_media":35468,"template":"","meta":{"_acf_changed":false},"product_brand":[],"product_cat":[129,139,135],"product_tag":[],"class_list":{"0":"post-53497","1":"product","2":"type-product","3":"status-publish","4":"has-post-thumbnail","6":"product_cat-apartmani","7":"product_cat-kuce-za-odmor","8":"product_cat-obiteljski-apartmani","10":"first","11":"instock","12":"sold-individually","13":"shipping-taxable","14":"purchasable","15":"product-type-phive_booking"},"acf":[],"_links":{"self":[{"href":"https:\/\/murter-online.com\/hr\/wp-json\/wp\/v2\/product\/53497","targetHints":{"allow":["GET"]}}],"collection":[{"href":"https:\/\/murter-online.com\/hr\/wp-json\/wp\/v2\/product"}],"about":[{"href":"https:\/\/murter-online.com\/hr\/wp-json\/wp\/v2\/types\/product"}],"wp:featuredmedia":[{"embeddable":true,"href":"https:\/\/murter-online.com\/hr\/wp-json\/wp\/v2\/media\/35468"}],"wp:attachment":[{"href":"https:\/\/murter-online.com\/hr\/wp-json\/wp\/v2\/media?parent=53497"}],"wp:term":[{"taxonomy":"product_brand","embeddable":true,"href":"https:\/\/murter-online.com\/hr\/wp-json\/wp\/v2\/product_brand?post=53497"},{"taxonomy":"product_cat","embeddable":true,"href":"https:\/\/murter-online.com\/hr\/wp-json\/wp\/v2\/product_cat?post=53497"},{"taxonomy":"product_tag","embeddable":true,"href":"https:\/\/murter-online.com\/hr\/wp-json\/wp\/v2\/product_tag?post=53497"}],"curies":[{"name":"wp","href":"https:\/\/api.w.org\/{rel}","templated":true}]}}