{"id":53512,"date":"2025-01-08T18:55:08","date_gmt":"2025-01-08T18:55:08","guid":{"rendered":"https:\/\/murter.riot.hr\/?post_type=product&#038;p=53512"},"modified":"2025-03-29T09:23:52","modified_gmt":"2025-03-29T08:23:52","slug":"mobilna-kuca-sa-bazenom-podvrske-murter-2-a42","status":"publish","type":"product","link":"https:\/\/murter-online.com\/hr\/proizvod\/mobilna-kuca-sa-bazenom-podvrske-murter-2-a42\/","title":{"rendered":"Mobilna ku\u0107a s bazenom Murter pla\u017ea Podvr\u0161ke 2 A4+2"},"content":{"rendered":"","protected":false},"excerpt":{"rendered":"<p>Apartman se nalazi na izvrsnoj lokaciji samo 200 metara udaljen od mora. Apartman ima povr\u0161inu od 35 m2. Ima dvije spava\u0107e sobe u kojima mogu spavati 4 odrasle osobe. Ima dnevni boravak, koji se mo\u017ee koristiti za spavanje &#8211; Ima pomo\u0107ni le\u017eaj za dvije osobe. Ima dvije kupaonice sa tu\u0161-kadom. Povr\u0161ina Balkon\/terase je 20 m2. Apartman se nalazi u prizemlju. Apartman je opremljen sa tv-om, klimom, satelitskim prijemnikom, besplatnim wifi internet priklju\u010dkom, perilicom su\u0111a. Parking je osiguran i uklju\u010den u cijenu. Apartman ima vez za \u010damac &#8211; koji mo\u017ee biti dodatno napla\u0107en. Postoji vanjski ro\u0161tilj koji se mo\u017ee koristiti. Apartman je oko 700 m. udaljen od centra mjesta a 200 m. od mora ili prve pla\u017ee u mjestu Murter. Ku\u0107ni ljubimci nisu dozvoljeni.<\/p>\n","protected":false},"featured_media":35858,"template":"","meta":{"_acf_changed":false},"product_brand":[],"product_cat":[134,141,135],"product_tag":[],"class_list":{"0":"post-53512","1":"product","2":"type-product","3":"status-publish","4":"has-post-thumbnail","6":"product_cat-apartmani-s-bazenom","7":"product_cat-mobilne-kuce","8":"product_cat-obiteljski-apartmani","10":"first","11":"instock","12":"sold-individually","13":"shipping-taxable","14":"purchasable","15":"product-type-phive_booking"},"acf":[],"_links":{"self":[{"href":"https:\/\/murter-online.com\/hr\/wp-json\/wp\/v2\/product\/53512","targetHints":{"allow":["GET"]}}],"collection":[{"href":"https:\/\/murter-online.com\/hr\/wp-json\/wp\/v2\/product"}],"about":[{"href":"https:\/\/murter-online.com\/hr\/wp-json\/wp\/v2\/types\/product"}],"wp:featuredmedia":[{"embeddable":true,"href":"https:\/\/murter-online.com\/hr\/wp-json\/wp\/v2\/media\/35858"}],"wp:attachment":[{"href":"https:\/\/murter-online.com\/hr\/wp-json\/wp\/v2\/media?parent=53512"}],"wp:term":[{"taxonomy":"product_brand","embeddable":true,"href":"https:\/\/murter-online.com\/hr\/wp-json\/wp\/v2\/product_brand?post=53512"},{"taxonomy":"product_cat","embeddable":true,"href":"https:\/\/murter-online.com\/hr\/wp-json\/wp\/v2\/product_cat?post=53512"},{"taxonomy":"product_tag","embeddable":true,"href":"https:\/\/murter-online.com\/hr\/wp-json\/wp\/v2\/product_tag?post=53512"}],"curies":[{"name":"wp","href":"https:\/\/api.w.org\/{rel}","templated":true}]}}