{"id":53517,"date":"2025-01-08T19:16:26","date_gmt":"2025-01-08T19:16:26","guid":{"rendered":"https:\/\/murter.riot.hr\/?post_type=product&#038;p=53517"},"modified":"2025-02-03T12:53:28","modified_gmt":"2025-02-03T12:53:28","slug":"luksuzni-apartman-u-murteru-sa-pogledom-na-more-a42-id-287","status":"publish","type":"product","link":"https:\/\/murter-online.com\/hr\/proizvod\/luksuzni-apartman-u-murteru-sa-pogledom-na-more-a42-id-287\/","title":{"rendered":"Luksuzni apartman u Murteru sa pogledom na more A4+2 ID 287"},"content":{"rendered":"","protected":false},"excerpt":{"rendered":"<p>Dvoeta\u017eni apartman na izvrsnoj lokaciji! Apartman se sastoji od prostranog dnevnog boravka koji je u jednom velikom otvorenom prostoru spojen sa kuhinjom i blagovaonom te WC &#8211; om, na katu su smje\u0161tene dvije sobe sa jednom kupaonom. Apartman ima izlaz na manje dvori\u0161te sa stolom i sjedalicama te ro\u0161tiljem koje dijeli sa jo\u0161 jednim apartmanom. U apartmanu mo\u017ee ukupno boraviti 6 odraslih osoba. Gosti iz apartmana nemaju pravo na kori\u0161tenje bazena. Parking za automobil nalazi se ispred apartmana. Apartman ima klimu &#8211; 3 jedinice, Wi-fi, 65&#8242; LCD TV + PS4. LCD TV nalazi se u spava\u0107im sobama. Kuhinja je opremljena sa: Nespresso aparatom za kavu , tosterom, mikrovalnom, kuhalom za vodu, perilicom posu\u0111a. Apartman ima perilicu rublja. Dje\u010dji kreveti\u0107 i hranilica dostupni su na zahtjev. Tro\u0161ak \u010di\u0161\u0107enja iznosi 60 \u20ac te nije uklju\u010den u cijenu. Boravi\u0161na taksa iznosi 1,50 \u20ac te nije uklju\u010dena u cijenu. Djeca do 12 godina su oslobo\u0111ena pla\u0107anja boravi\u0161ne takse dok djeca od 12-18 godina pla\u0107aju 50% cijene.<\/p>\n","protected":false},"featured_media":36038,"template":"","meta":{"_acf_changed":false},"product_brand":[],"product_cat":[134],"product_tag":[],"class_list":{"0":"post-53517","1":"product","2":"type-product","3":"status-publish","4":"has-post-thumbnail","6":"product_cat-apartmani-s-bazenom","8":"first","9":"instock","10":"sold-individually","11":"shipping-taxable","12":"purchasable","13":"product-type-phive_booking"},"acf":[],"_links":{"self":[{"href":"https:\/\/murter-online.com\/hr\/wp-json\/wp\/v2\/product\/53517","targetHints":{"allow":["GET"]}}],"collection":[{"href":"https:\/\/murter-online.com\/hr\/wp-json\/wp\/v2\/product"}],"about":[{"href":"https:\/\/murter-online.com\/hr\/wp-json\/wp\/v2\/types\/product"}],"wp:featuredmedia":[{"embeddable":true,"href":"https:\/\/murter-online.com\/hr\/wp-json\/wp\/v2\/media\/36038"}],"wp:attachment":[{"href":"https:\/\/murter-online.com\/hr\/wp-json\/wp\/v2\/media?parent=53517"}],"wp:term":[{"taxonomy":"product_brand","embeddable":true,"href":"https:\/\/murter-online.com\/hr\/wp-json\/wp\/v2\/product_brand?post=53517"},{"taxonomy":"product_cat","embeddable":true,"href":"https:\/\/murter-online.com\/hr\/wp-json\/wp\/v2\/product_cat?post=53517"},{"taxonomy":"product_tag","embeddable":true,"href":"https:\/\/murter-online.com\/hr\/wp-json\/wp\/v2\/product_tag?post=53517"}],"curies":[{"name":"wp","href":"https:\/\/api.w.org\/{rel}","templated":true}]}}