{"id":53521,"date":"2025-01-08T19:37:58","date_gmt":"2025-01-08T19:37:58","guid":{"rendered":"https:\/\/murter.riot.hr\/?post_type=product&#038;p=53521"},"modified":"2025-03-29T09:45:56","modified_gmt":"2025-03-29T08:45:56","slug":"mobilna-kuca-na-plazi-slanica-a41-id-264","status":"publish","type":"product","link":"https:\/\/murter-online.com\/hr\/proizvod\/mobilna-kuca-na-plazi-slanica-a41-id-264\/","title":{"rendered":"Mobilna ku\u0107a na pla\u017ei Murter pla\u017ea Slanica A4+1 ID 264"},"content":{"rendered":"","protected":false},"excerpt":{"rendered":"<p>Mobilna ku\u0107a nalazi se u blizini najpoznatije murterske pje\u0161\u010dane pla\u017ee Slanica. Ku\u0107a ima dvije spava\u0107e sobe u kojima mogu spavati 4 odrasle osobe, u dnevnom boravku ima pomo\u0107ni le\u017eaj (kau\u010d) koji se mo\u017ee koristiti za spavanje. Ku\u0107a je opremljena sa perilicom posu\u0111a, perilicom rublja, Wi-Fi internetom, kuhalom za vodu. Kuhinja je potpuno opremljena. Parking za auto je ura\u010dunat u cijenu apartmana. Postoji vanjski ro\u0161tilj koji se mo\u017ee besplatno koristiti.<\/p>\n","protected":false},"featured_media":36410,"template":"","meta":{"_acf_changed":false},"product_brand":[],"product_cat":[133,141,135],"product_tag":[],"class_list":{"0":"post-53521","1":"product","2":"type-product","3":"status-publish","4":"has-post-thumbnail","6":"product_cat-apartmani-s-pogledom-na-more","7":"product_cat-mobilne-kuce","8":"product_cat-obiteljski-apartmani","10":"first","11":"instock","12":"sold-individually","13":"shipping-taxable","14":"purchasable","15":"product-type-phive_booking"},"acf":[],"_links":{"self":[{"href":"https:\/\/murter-online.com\/hr\/wp-json\/wp\/v2\/product\/53521","targetHints":{"allow":["GET"]}}],"collection":[{"href":"https:\/\/murter-online.com\/hr\/wp-json\/wp\/v2\/product"}],"about":[{"href":"https:\/\/murter-online.com\/hr\/wp-json\/wp\/v2\/types\/product"}],"wp:featuredmedia":[{"embeddable":true,"href":"https:\/\/murter-online.com\/hr\/wp-json\/wp\/v2\/media\/36410"}],"wp:attachment":[{"href":"https:\/\/murter-online.com\/hr\/wp-json\/wp\/v2\/media?parent=53521"}],"wp:term":[{"taxonomy":"product_brand","embeddable":true,"href":"https:\/\/murter-online.com\/hr\/wp-json\/wp\/v2\/product_brand?post=53521"},{"taxonomy":"product_cat","embeddable":true,"href":"https:\/\/murter-online.com\/hr\/wp-json\/wp\/v2\/product_cat?post=53521"},{"taxonomy":"product_tag","embeddable":true,"href":"https:\/\/murter-online.com\/hr\/wp-json\/wp\/v2\/product_tag?post=53521"}],"curies":[{"name":"wp","href":"https:\/\/api.w.org\/{rel}","templated":true}]}}