{"id":53533,"date":"2025-01-08T21:01:47","date_gmt":"2025-01-08T21:01:47","guid":{"rendered":"https:\/\/murter.riot.hr\/?post_type=product&#038;p=53533"},"modified":"2025-03-29T13:59:31","modified_gmt":"2025-03-29T12:59:31","slug":"mobilna-kuca-na-plazi-slanica-murter-a42-id-238","status":"publish","type":"product","link":"https:\/\/murter-online.com\/hr\/proizvod\/mobilna-kuca-na-plazi-slanica-murter-a42-id-238\/","title":{"rendered":"Mobilna ku\u0107a na pla\u017ei Murter Slanica A4+2 ID 238"},"content":{"rendered":"","protected":false},"excerpt":{"rendered":"<p>Mobilna ku\u0107a sa dvije spava\u0107e sobe nalazi se blizu pje\u0161\u010dane pla\u017ee Slanica, udaljena je od mora samo 50 metara. Mobilna ku\u0107a opremljena je kuhinjom, hladnjakom, perilicom posu\u0111a, WiFi internetom. U spava\u0107im sobama mogu spavati 4 odrasle osobe, u dnevnom boravku se nalazi kau\u010d koji se mo\u017ee koristiti kao pomo\u0107ni le\u017eaj za spavanje. Ispred apartmana nalazi se prekrasna terasa sa pogledom na more u prirodnom hladu. Parking za jedan automobil osiguran je ispred ku\u0107e i besplatan.<\/p>\n","protected":false},"featured_media":36930,"template":"","meta":{"_acf_changed":false},"product_brand":[],"product_cat":[133,141,135],"product_tag":[],"class_list":{"0":"post-53533","1":"product","2":"type-product","3":"status-publish","4":"has-post-thumbnail","6":"product_cat-apartmani-s-pogledom-na-more","7":"product_cat-mobilne-kuce","8":"product_cat-obiteljski-apartmani","10":"first","11":"instock","12":"sold-individually","13":"shipping-taxable","14":"purchasable","15":"product-type-phive_booking"},"acf":[],"_links":{"self":[{"href":"https:\/\/murter-online.com\/hr\/wp-json\/wp\/v2\/product\/53533","targetHints":{"allow":["GET"]}}],"collection":[{"href":"https:\/\/murter-online.com\/hr\/wp-json\/wp\/v2\/product"}],"about":[{"href":"https:\/\/murter-online.com\/hr\/wp-json\/wp\/v2\/types\/product"}],"wp:featuredmedia":[{"embeddable":true,"href":"https:\/\/murter-online.com\/hr\/wp-json\/wp\/v2\/media\/36930"}],"wp:attachment":[{"href":"https:\/\/murter-online.com\/hr\/wp-json\/wp\/v2\/media?parent=53533"}],"wp:term":[{"taxonomy":"product_brand","embeddable":true,"href":"https:\/\/murter-online.com\/hr\/wp-json\/wp\/v2\/product_brand?post=53533"},{"taxonomy":"product_cat","embeddable":true,"href":"https:\/\/murter-online.com\/hr\/wp-json\/wp\/v2\/product_cat?post=53533"},{"taxonomy":"product_tag","embeddable":true,"href":"https:\/\/murter-online.com\/hr\/wp-json\/wp\/v2\/product_tag?post=53533"}],"curies":[{"name":"wp","href":"https:\/\/api.w.org\/{rel}","templated":true}]}}