{"id":53538,"date":"2025-01-08T21:18:59","date_gmt":"2025-01-08T21:18:59","guid":{"rendered":"https:\/\/murter.riot.hr\/?post_type=product&#038;p=53538"},"modified":"2025-02-03T16:18:02","modified_gmt":"2025-02-03T16:18:02","slug":"mobilna-kucica-murter-slanica-a41-id-76","status":"publish","type":"product","link":"https:\/\/murter-online.com\/hr\/proizvod\/mobilna-kucica-murter-slanica-a41-id-76\/","title":{"rendered":"Mobilna ku\u0107ica Murter Slanica A4+1 ID 76"},"content":{"rendered":"","protected":false},"excerpt":{"rendered":"<p>Mobilna ku\u0107a se nalazi svega 30 metara od mora i 200 metara od pje\u0161\u010dane pla\u017ee Slanica. U ku\u0107i se nalaze dvije spava\u0107e sobe, jedna sa bra\u010dnim krevetom (160&#215;200), te soba sa dva odvojena kreveta (80&#215;200). U dnevnom boravku je kutna garnitura koja se koristi kao pomo\u0107ni le\u017eaj za jednu odraslu osobu ili dvoje male djece. U dnevnom boravku se nalazi TV sa satelitom, besplatni internet, klima za hla\u0111enje i grijanje. Na terasi se nalazi blagavaonski stol sa stolicama te le\u017ealjka za sun\u010danje i u\u017eivanje u prekrasnom pogledu na Kornatsko oto\u010dje i pla\u017eu Slanicu. Parkirno mjesto se nalazi u neposrednoj blizini ku\u0107ice.<\/p>\n","protected":false},"featured_media":37122,"template":"","meta":{"_acf_changed":false},"product_brand":[],"product_cat":[129,133,141,135],"product_tag":[],"class_list":{"0":"post-53538","1":"product","2":"type-product","3":"status-publish","4":"has-post-thumbnail","6":"product_cat-apartmani","7":"product_cat-apartmani-s-pogledom-na-more","8":"product_cat-mobilne-kuce","9":"product_cat-obiteljski-apartmani","11":"first","12":"instock","13":"sold-individually","14":"shipping-taxable","15":"purchasable","16":"product-type-phive_booking"},"acf":[],"_links":{"self":[{"href":"https:\/\/murter-online.com\/hr\/wp-json\/wp\/v2\/product\/53538","targetHints":{"allow":["GET"]}}],"collection":[{"href":"https:\/\/murter-online.com\/hr\/wp-json\/wp\/v2\/product"}],"about":[{"href":"https:\/\/murter-online.com\/hr\/wp-json\/wp\/v2\/types\/product"}],"wp:featuredmedia":[{"embeddable":true,"href":"https:\/\/murter-online.com\/hr\/wp-json\/wp\/v2\/media\/37122"}],"wp:attachment":[{"href":"https:\/\/murter-online.com\/hr\/wp-json\/wp\/v2\/media?parent=53538"}],"wp:term":[{"taxonomy":"product_brand","embeddable":true,"href":"https:\/\/murter-online.com\/hr\/wp-json\/wp\/v2\/product_brand?post=53538"},{"taxonomy":"product_cat","embeddable":true,"href":"https:\/\/murter-online.com\/hr\/wp-json\/wp\/v2\/product_cat?post=53538"},{"taxonomy":"product_tag","embeddable":true,"href":"https:\/\/murter-online.com\/hr\/wp-json\/wp\/v2\/product_tag?post=53538"}],"curies":[{"name":"wp","href":"https:\/\/api.w.org\/{rel}","templated":true}]}}