{"id":53543,"date":"2025-01-08T21:33:51","date_gmt":"2025-01-08T21:33:51","guid":{"rendered":"https:\/\/murter.riot.hr\/?post_type=product&#038;p=53543"},"modified":"2025-04-19T19:09:35","modified_gmt":"2025-04-19T18:09:35","slug":"vila-renata-apartman-a4-id-17","status":"publish","type":"product","link":"https:\/\/murter-online.com\/hr\/proizvod\/vila-renata-apartman-a4-id-17\/","title":{"rendered":"Apartman s bazenom u vili Murter A4 ID 17"},"content":{"rendered":"","protected":false},"excerpt":{"rendered":"<p>Udaljenost od mora: 200m, Udaljenost od centra: 600m, Udaljenost od pla\u017ee: 200m, Broj osoba: 4 Broj soba: 2, Broj kupaonica: 1, Povr\u0161ina: 50m2, Sat TV Klimatizacija Raspored prostorija: Dnevni boravak i kuhinja su jedna prostorija, Broj spava\u0107ih soba s bra\u010dnim krevetom: 2,Broj kupaonica s tu\u0161em i wc-om: 1,Veli\u010dina terase: 12m2 Oprema smje\u0161tajne jedinice: Klimatizacija,Sat TV,Perilica rublja, Hladnjak,\u0160tednjak,TV,Grijanje,Radio\/CD,Perilica su\u0111a,Internet,Ro\u0161tilj, Pozicija i eksterijer smje\u0161tajne jedinice: Pogled na more, Zajedni\u010dki ulaz,1. kat, Dodatne informacije: Check in od : 14 sati, Check out do: 10sati, Ku\u0107ni ljubimci nisu dozvoljeni, Dozvoljeno pu\u0161enje, Cijena uklju\u010duje: Tjedno mjenjanje posteljine, Ru\u010dnici, Pribor za kuhanje i jelo, Utro\u0161ak struje, vode i plina, Pribor za \u010di\u0161\u0107enje, Toaletni papir (pri dolasku). Zavr\u0161no \u010di\u0161\u0107enje dodatno se napla\u0107uje 50,00 eura. Depozit u slu\u010daju \u0161tete iznosi 150,00 eura.<\/p>\n","protected":false},"featured_media":37230,"template":"","meta":{"_acf_changed":false},"product_brand":[],"product_cat":[134],"product_tag":[],"class_list":{"0":"post-53543","1":"product","2":"type-product","3":"status-publish","4":"has-post-thumbnail","6":"product_cat-apartmani-s-bazenom","8":"first","9":"instock","10":"sold-individually","11":"shipping-taxable","12":"purchasable","13":"product-type-phive_booking"},"acf":[],"_links":{"self":[{"href":"https:\/\/murter-online.com\/hr\/wp-json\/wp\/v2\/product\/53543","targetHints":{"allow":["GET"]}}],"collection":[{"href":"https:\/\/murter-online.com\/hr\/wp-json\/wp\/v2\/product"}],"about":[{"href":"https:\/\/murter-online.com\/hr\/wp-json\/wp\/v2\/types\/product"}],"wp:featuredmedia":[{"embeddable":true,"href":"https:\/\/murter-online.com\/hr\/wp-json\/wp\/v2\/media\/37230"}],"wp:attachment":[{"href":"https:\/\/murter-online.com\/hr\/wp-json\/wp\/v2\/media?parent=53543"}],"wp:term":[{"taxonomy":"product_brand","embeddable":true,"href":"https:\/\/murter-online.com\/hr\/wp-json\/wp\/v2\/product_brand?post=53543"},{"taxonomy":"product_cat","embeddable":true,"href":"https:\/\/murter-online.com\/hr\/wp-json\/wp\/v2\/product_cat?post=53543"},{"taxonomy":"product_tag","embeddable":true,"href":"https:\/\/murter-online.com\/hr\/wp-json\/wp\/v2\/product_tag?post=53543"}],"curies":[{"name":"wp","href":"https:\/\/api.w.org\/{rel}","templated":true}]}}