{"id":53699,"date":"2025-01-06T14:51:23","date_gmt":"2025-01-06T14:51:23","guid":{"rendered":"https:\/\/murter.riot.hr\/?post_type=product&#038;p=53699"},"modified":"2025-03-28T11:57:40","modified_gmt":"2025-03-28T10:57:40","slug":"ribarska-kuca-kornati-uvala-koromasna-a43","status":"publish","type":"product","link":"https:\/\/murter-online.com\/hr\/proizvod\/ribarska-kuca-kornati-uvala-koromasna-a43\/","title":{"rendered":"Robinzonska kamena ku\u0107a Kornati &#8211; uvala Koroma\u0161na A4+3"},"content":{"rendered":"","protected":false},"excerpt":{"rendered":"<p>Ribarska ku\u0107a nalazi se na otoku Kornat &#8211; uvala Koroma\u0161na. Ku\u0107a ima dvije spava\u0107e sobe sa bra\u010dnim krevetom i u svakoj sobi po jo\u0161 dva kreveta za jednu osobu. Ku\u0107a ima dnevni boravak koji se mo\u017ee koristiti za spavanje. Ku\u0107a je opremljena sa hladnjakom , \u0161tednjakom, priborom za kuhanje i jelo . Ku\u0107a ima kupaonicu sa tu\u0161em i WC-om. Vrsta rasvjete &#8211; solarna energija, elektri\u010dna energija je 12V. Ku\u0107a se nalazi u prizemlju. Ku\u0107a je udaljena 150 metara od mora. Ku\u0107a ima vlastiti vez koji se mo\u017ee besplatno koristiti. Ku\u0107ni ljubimci dozvoljeni su uz dodatnu nadoplatu. Parking za auto je osiguran i besplatan na otoku Murteru. Postoji vanjski ro\u0161tilj koje se mo\u017ee besplatno koristiti. Voda je iz cisterne. Transfer iz Murtera napla\u0107uje se 100 eura.<\/p>\n","protected":false},"featured_media":32061,"template":"","meta":{"_acf_changed":false},"product_brand":[],"product_cat":[140],"product_tag":[],"class_list":{"0":"post-53699","1":"product","2":"type-product","3":"status-publish","4":"has-post-thumbnail","6":"product_cat-ribarske-kuce","8":"first","9":"instock","10":"sold-individually","11":"shipping-taxable","12":"purchasable","13":"product-type-phive_booking"},"acf":[],"_links":{"self":[{"href":"https:\/\/murter-online.com\/hr\/wp-json\/wp\/v2\/product\/53699","targetHints":{"allow":["GET"]}}],"collection":[{"href":"https:\/\/murter-online.com\/hr\/wp-json\/wp\/v2\/product"}],"about":[{"href":"https:\/\/murter-online.com\/hr\/wp-json\/wp\/v2\/types\/product"}],"wp:featuredmedia":[{"embeddable":true,"href":"https:\/\/murter-online.com\/hr\/wp-json\/wp\/v2\/media\/32061"}],"wp:attachment":[{"href":"https:\/\/murter-online.com\/hr\/wp-json\/wp\/v2\/media?parent=53699"}],"wp:term":[{"taxonomy":"product_brand","embeddable":true,"href":"https:\/\/murter-online.com\/hr\/wp-json\/wp\/v2\/product_brand?post=53699"},{"taxonomy":"product_cat","embeddable":true,"href":"https:\/\/murter-online.com\/hr\/wp-json\/wp\/v2\/product_cat?post=53699"},{"taxonomy":"product_tag","embeddable":true,"href":"https:\/\/murter-online.com\/hr\/wp-json\/wp\/v2\/product_tag?post=53699"}],"curies":[{"name":"wp","href":"https:\/\/api.w.org\/{rel}","templated":true}]}}