{"id":53711,"date":"2025-01-06T15:00:42","date_gmt":"2025-01-06T15:00:42","guid":{"rendered":"https:\/\/murter.riot.hr\/?post_type=product&#038;p=53711"},"modified":"2025-07-21T10:48:53","modified_gmt":"2025-07-21T09:48:53","slug":"ribarska-kuca-murter-uvala-doca-a21-id-99","status":"publish","type":"product","link":"https:\/\/murter-online.com\/hr\/proizvod\/ribarska-kuca-murter-uvala-doca-a21-id-99\/","title":{"rendered":"Ribarska ku\u0107a uz more Murter uvala Doca A2+1 ID 99"},"content":{"rendered":"","protected":false},"excerpt":{"rendered":"<p>Ribarska ku\u0107a sa prekrasnim pogledom na more se nalazi na izvrsnoj lokaciji samo 40 metara udaljen od mora. Ribarska ku\u0107a ima solarne plo\u010de iz kojih se dobija struja (mogu se koristiti manji ure\u0111aji ). Hladnjak i kuhalo su na plin. Voda je dobra za tu\u0161iranje (iz vodovoda ili ki\u0161nica), grijana suncem. Vode ima dovoljno ukoliko se racionalno koristi. Ribarska ku\u0107a ima povr\u0161inu od 25 m2. Ima jednu spava\u0107u sobu u kojoj mogu spavati 2 odrasle osobe. Ima dnevni boravak. Ima kupaonicu sa tu\u0161-kadom. Povr\u0161ina Balkon\/terase je 30 m2. Parking je osiguran i uklju\u010den u cijenu. Postoji vanjski ro\u0161tilj koji se mo\u017ee koristiti. Ribarska ku\u0107a je oko 2800 m. udaljen od centra mjesta a 40 m. od mora ili prve pla\u017ee u mjestu Murter. Ku\u0107ni ljubimci su dozvoljeni uz dodatnu naknadu.<\/p>\n","protected":false},"featured_media":32193,"template":"","meta":{"_acf_changed":false},"product_brand":[],"product_cat":[133,140],"product_tag":[],"class_list":{"0":"post-53711","1":"product","2":"type-product","3":"status-publish","4":"has-post-thumbnail","6":"product_cat-apartmani-s-pogledom-na-more","7":"product_cat-ribarske-kuce","9":"first","10":"instock","11":"sold-individually","12":"shipping-taxable","13":"purchasable","14":"product-type-phive_booking"},"acf":[],"_links":{"self":[{"href":"https:\/\/murter-online.com\/hr\/wp-json\/wp\/v2\/product\/53711","targetHints":{"allow":["GET"]}}],"collection":[{"href":"https:\/\/murter-online.com\/hr\/wp-json\/wp\/v2\/product"}],"about":[{"href":"https:\/\/murter-online.com\/hr\/wp-json\/wp\/v2\/types\/product"}],"wp:featuredmedia":[{"embeddable":true,"href":"https:\/\/murter-online.com\/hr\/wp-json\/wp\/v2\/media\/32193"}],"wp:attachment":[{"href":"https:\/\/murter-online.com\/hr\/wp-json\/wp\/v2\/media?parent=53711"}],"wp:term":[{"taxonomy":"product_brand","embeddable":true,"href":"https:\/\/murter-online.com\/hr\/wp-json\/wp\/v2\/product_brand?post=53711"},{"taxonomy":"product_cat","embeddable":true,"href":"https:\/\/murter-online.com\/hr\/wp-json\/wp\/v2\/product_cat?post=53711"},{"taxonomy":"product_tag","embeddable":true,"href":"https:\/\/murter-online.com\/hr\/wp-json\/wp\/v2\/product_tag?post=53711"}],"curies":[{"name":"wp","href":"https:\/\/api.w.org\/{rel}","templated":true}]}}