{"id":53716,"date":"2025-01-06T15:05:58","date_gmt":"2025-01-06T15:05:58","guid":{"rendered":"https:\/\/murter.riot.hr\/?post_type=product&#038;p=53716"},"modified":"2025-08-12T09:46:40","modified_gmt":"2025-08-12T08:46:40","slug":"ribarska-kuca-murter-plaza-doca-a22-id-96","status":"publish","type":"product","link":"https:\/\/murter-online.com\/hr\/proizvod\/ribarska-kuca-murter-plaza-doca-a22-id-96\/","title":{"rendered":"Ribarska ku\u0107a Murter pla\u017ea Doca A2+2 ID 96"},"content":{"rendered":"","protected":false},"excerpt":{"rendered":"<div align=\"center\">\n<div class=\"max_width\" align=\"left\">\n<div>\n<div>Ribarska ku\u0107a sa prekrasnim pogledom na more se nalazi na izvrsnoj lokaciji samo 30 metara od mora. Ribarska ku\u0107a ima solarne plo\u010de iz kojih se dobija struja (mogu se koristiti manji ure\u0111aji ). Ima Hladnjak i kuhalo na plin. Voda je dobra za tu\u0161iranje (iz vodovoda ili ki\u0161nica), grijana suncem. Vode ima dovoljno ukoliko se racionalno koristi. Ribarska ku\u0107a ima povr\u0161inu od 35 m2. Ima jednu spava\u0107u sobu u kojoj mogu spavati 2 odrasle osobe. Ima dnevni boravak. Ima pomo\u0107ni le\u017eaj za dvije osobe. Povr\u0161ina Balkon\/terase je 20 m2. Ima kupaonicu s tu\u0161em. Ribarska ku\u0107a je opremljena sa pe\u0107nicom. Parking je osiguran i uklju\u010den u cijenu. Ribarska ku\u0107a ima svoje pristani\u0161te za \u010damac i mogu\u0107nost iznajmljivanja \u010damca s motorom. Postoji vanjski ro\u0161tilj koji se mo\u017ee koristiti. Ribarska ku\u0107a je oko 2500 m udaljen od centra mjesta a 30 m od mora ili prve pla\u017ee u mjestu Murter. Ku\u0107ni ljubimci su dozvoljeni. 1500 m from parking (20 min walking) Transfer with the boat (gratis) Apartman je udaljen 15 minuta hoda do pla\u017ee \u010cigra\u0111a. Od samog centra mjesta udaljen je 25 minuta hoda.<\/div>\n<\/div>\n<\/div>\n<\/div>\n<div align=\"center\">\n<div><\/div>\n<div><\/div>\n<\/div>\n","protected":false},"featured_media":32321,"template":"","meta":{"_acf_changed":false},"product_brand":[],"product_cat":[133,140],"product_tag":[],"class_list":{"0":"post-53716","1":"product","2":"type-product","3":"status-publish","4":"has-post-thumbnail","6":"product_cat-apartmani-s-pogledom-na-more","7":"product_cat-ribarske-kuce","9":"first","10":"instock","11":"sold-individually","12":"shipping-taxable","13":"purchasable","14":"product-type-phive_booking"},"acf":[],"_links":{"self":[{"href":"https:\/\/murter-online.com\/hr\/wp-json\/wp\/v2\/product\/53716","targetHints":{"allow":["GET"]}}],"collection":[{"href":"https:\/\/murter-online.com\/hr\/wp-json\/wp\/v2\/product"}],"about":[{"href":"https:\/\/murter-online.com\/hr\/wp-json\/wp\/v2\/types\/product"}],"wp:featuredmedia":[{"embeddable":true,"href":"https:\/\/murter-online.com\/hr\/wp-json\/wp\/v2\/media\/32321"}],"wp:attachment":[{"href":"https:\/\/murter-online.com\/hr\/wp-json\/wp\/v2\/media?parent=53716"}],"wp:term":[{"taxonomy":"product_brand","embeddable":true,"href":"https:\/\/murter-online.com\/hr\/wp-json\/wp\/v2\/product_brand?post=53716"},{"taxonomy":"product_cat","embeddable":true,"href":"https:\/\/murter-online.com\/hr\/wp-json\/wp\/v2\/product_cat?post=53716"},{"taxonomy":"product_tag","embeddable":true,"href":"https:\/\/murter-online.com\/hr\/wp-json\/wp\/v2\/product_tag?post=53716"}],"curies":[{"name":"wp","href":"https:\/\/api.w.org\/{rel}","templated":true}]}}